{"id":343,"date":"2026-01-08T09:32:02","date_gmt":"2026-01-08T13:32:02","guid":{"rendered":"https:\/\/wpjh.marina-rivieresens.com\/?page_id=343"},"modified":"2026-01-21T10:02:53","modified_gmt":"2026-01-21T14:02:53","slug":"informacao-juridica","status":"publish","type":"page","link":"https:\/\/marina-rivieresens.com\/pt\/mentions-legales\/","title":{"rendered":"Informa\u00e7\u00e3o jur\u00eddica"},"content":{"rendered":"<div class=\"et_pb_section_0 et_pb_section et_section_regular et_flex_section\">\n<div class=\"et_pb_row_0 et_pb_row et_flex_row\">\n<div class=\"et_pb_column_0 et_pb_column et-last-child et_flex_column et_pb_css_mix_blend_mode_passthrough et_flex_column_24_24 et_flex_column_24_24_tablet et_flex_column_24_24_phone\">\n<div class=\"et_pb_text_0 et_pb_text et_pb_bg_layout_light et_pb_module et_flex_module preset--module--divi-text--default\"><div class=\"et_pb_text_inner\"><h1>Informa\u00e7\u00e3o jur\u00eddica<\/h1>\n<p>&nbsp;<\/p>\n<p>Em conformidade com as disposi\u00e7\u00f5es da lei francesa n.\u00ba 2004-575, de 21 de junho de 2004, relativa \u00e0 confian\u00e7a na economia digital (LCEN), os utilizadores do s\u00edtio s\u00e3o informados do seguinte <strong>Marina Rivi\u00e8re-Sens<\/strong>\u00a0a identidade dos diferentes intervenientes na sua aplica\u00e7\u00e3o e controlo.<\/p>\n<p>\u00a0<\/p>\n<h2>Editor do s\u00edtio<\/h2>\n<p><strong>Nome do s\u00edtio :<\/strong> Marina Rivi\u00e8re-Sens<br \/><strong>Respons\u00e1vel pela publica\u00e7\u00e3o :<\/strong> SUD ANCRAGE<br \/><strong>Estatuto jur\u00eddico :<\/strong> SAS<br \/><strong>Endere\u00e7o da sede social :<\/strong> MARINA RIVIERE SENS 97113 GOURBEYRE<br \/><strong>Telefone :<\/strong> +590 590 86 79 43<br \/><strong>Endere\u00e7o eletr\u00f3nico :<\/strong> <a href=\"mailto:capitainerie@sudancrage.com\">capitainerie@sudancrage.com<\/a><br \/><strong>N\u00famero SIRET :<\/strong> 52268599900024<br \/><strong>IVA intracomunit\u00e1rio :<\/strong> FR47522685999<\/p>\n<p>\u00a0<\/p>\n<h2>Alojamento de s\u00edtios Web<\/h2>\n<p>O s\u00edtio est\u00e1 alojado em :<\/p>\n<p><strong>Apresentado por :<\/strong> OVHcloud<br \/><strong>Nome da empresa :<\/strong> OVH SAS<br \/><strong>Endere\u00e7o:<\/strong> 2 rue Kellermann - 59100 Roubaix - Fran\u00e7a<br \/><strong>Telefone :<\/strong> 1007<br \/><strong>S\u00edtio Web :<\/strong><a href=\"https:\/\/www.ovhcloud.com\" target=\"_blank\" rel=\"noopener noreferrer\"> https:\/\/www.ovhcloud.com<br \/><\/a><\/p>\n<p>\u00a0<\/p>\n<h2>Conce\u00e7\u00e3o e produ\u00e7\u00e3o de s\u00edtios Web<\/h2>\n<p>S\u00edtio concebido e produzido por :<br \/><strong>J\u00e9r\u00f4me Hervouet<\/strong><br \/>Conce\u00e7\u00e3o de s\u00edtios Web e otimiza\u00e7\u00e3o natural dos motores de busca (SEO)<br \/>S\u00edtio Web : <a href=\"https:\/\/www.jeromehervouet.fr\" target=\"_blank\" rel=\"noopener noreferrer\">https:\/\/www.jeromehervouet.fr<\/a><\/p>\n<p>\u00a0<\/p>\n<h2>Propriedade intelectual<\/h2>\n<p>Todo o s\u00edtio <strong>Marina Rivi\u00e8re-Sens<\/strong>, O conte\u00fado deste s\u00edtio Web, incluindo mas n\u00e3o limitado a textos, imagens, gr\u00e1ficos, log\u00f3tipos, \u00edcones, sons e software, est\u00e1 protegido por direitos de propriedade intelectual.<\/p>\n<p>\u00c9 proibida qualquer reprodu\u00e7\u00e3o, representa\u00e7\u00e3o, modifica\u00e7\u00e3o, publica\u00e7\u00e3o, adapta\u00e7\u00e3o da totalidade ou de parte dos elementos do s\u00edtio, seja qual for o meio ou o processo utilizado, exceto com a autoriza\u00e7\u00e3o pr\u00e9via por escrito do respons\u00e1vel pela publica\u00e7\u00e3o.<\/p>\n<p>\u00a0<\/p>\n<h2>Responsabilidade civil<\/h2>\n<p>Informa\u00e7\u00f5es publicadas no s\u00edtio <strong>Marina Rivi\u00e8re-Sens<\/strong> s\u00e3o fornecidos apenas a t\u00edtulo informativo. Embora tenham sido tomadas todas as precau\u00e7\u00f5es para garantir a exatid\u00e3o das informa\u00e7\u00f5es, o operador do s\u00edtio Web n\u00e3o pode ser responsabilizado por eventuais omiss\u00f5es, inexactid\u00f5es ou falta de atualiza\u00e7\u00e3o das informa\u00e7\u00f5es.<\/p>\n<p>Os utilizadores reconhecem que utilizam as informa\u00e7\u00f5es do s\u00edtio sob a sua exclusiva responsabilidade.<\/p>\n<p>\u00a0<\/p>\n<h2>Dados pessoais<\/h2>\n<p>O s\u00edtio Web <strong>Marina Rivi\u00e8re-Sens<\/strong> pode recolher dados pessoais atrav\u00e9s dos seus formul\u00e1rios (contacto, reserva, pedido de informa\u00e7\u00f5es).<\/p>\n<p>Estes dados s\u00e3o utilizados exclusivamente para efeitos da rela\u00e7\u00e3o comercial ou do pedido do utilizador e n\u00e3o s\u00e3o, em caso algum, transmitidos a terceiros.<\/p>\n<p>De acordo com o Regulamento Geral sobre a Prote\u00e7\u00e3o de Dados (RGPD), tem o direito de aceder, retificar, opor-se e apagar os seus dados pessoais.<\/p>\n<p>Para exercer este direito, contactar : <a href=\"mailto:capitainerie@sudancrage.com\">capitainerie@sudancrage.com<\/a><\/p>\n<p>\u00a0<\/p>\n<h2>Biscoitos<\/h2>\n<p>O s\u00edtio Web <strong>Marina Rivi\u00e8re-Sens<\/strong> pode utilizar cookies para melhorar a experi\u00eancia do utilizador e compilar estat\u00edsticas de navega\u00e7\u00e3o.<\/p>\n<p>Os utilizadores podem configurar o seu browser para aceitar ou rejeitar cookies em qualquer altura.<\/p>\n<\/div><\/div>\n<\/div>\n<\/div>\n<\/div>","protected":false},"excerpt":{"rendered":"","protected":false},"author":1,"featured_media":0,"parent":0,"menu_order":0,"comment_status":"closed","ping_status":"closed","template":"","meta":{"footnotes":""},"class_list":["post-343","page","type-page","status-publish","hentry"],"yoast_head":"<!-- This site is optimized with the Yoast SEO plugin v27.3 - https:\/\/yoast.com\/product\/yoast-seo-wordpress\/ -->\n<title>Mentions l\u00e9gales \u2013 Informations l\u00e9gales du site<\/title>\n<meta name=\"description\" content=\"Mentions l\u00e9gales du site : \u00e9diteur, h\u00e9bergeur, propri\u00e9t\u00e9 intellectuelle et informations l\u00e9gales conform\u00e9ment \u00e0 la r\u00e9glementation en vigueur.\" \/>\n<meta name=\"robots\" content=\"noindex, follow\" \/>\n<meta property=\"og:locale\" content=\"pt_PT\" \/>\n<meta property=\"og:type\" content=\"article\" \/>\n<meta property=\"og:title\" content=\"Mentions l\u00e9gales \u2013 Informations l\u00e9gales du site\" \/>\n<meta property=\"og:description\" content=\"Mentions l\u00e9gales du site : \u00e9diteur, h\u00e9bergeur, propri\u00e9t\u00e9 intellectuelle et informations l\u00e9gales conform\u00e9ment \u00e0 la r\u00e9glementation en vigueur.\" \/>\n<meta property=\"og:url\" content=\"https:\/\/marina-rivieresens.com\/pt\/informacao-juridica\/\" \/>\n<meta property=\"og:site_name\" content=\"Marina de Riviere-Sens\" \/>\n<meta property=\"article:publisher\" content=\"https:\/\/www.facebook.com\/Sudancrage\/\" \/>\n<meta property=\"article:modified_time\" content=\"2026-01-21T14:02:53+00:00\" \/>\n<meta name=\"twitter:card\" content=\"summary_large_image\" \/>\n<script type=\"application\/ld+json\" class=\"yoast-schema-graph\">{\"@context\":\"https:\\\/\\\/schema.org\",\"@graph\":[{\"@type\":\"WebPage\",\"@id\":\"https:\\\/\\\/marina-rivieresens.com\\\/mentions-legales\\\/\",\"url\":\"https:\\\/\\\/marina-rivieresens.com\\\/mentions-legales\\\/\",\"name\":\"Mentions l\u00e9gales \u2013 Informations l\u00e9gales du site\",\"isPartOf\":{\"@id\":\"https:\\\/\\\/marina-rivieresens.com\\\/#website\"},\"datePublished\":\"2026-01-08T13:32:02+00:00\",\"dateModified\":\"2026-01-21T14:02:53+00:00\",\"description\":\"Mentions l\u00e9gales du site : \u00e9diteur, h\u00e9bergeur, propri\u00e9t\u00e9 intellectuelle et informations l\u00e9gales conform\u00e9ment \u00e0 la r\u00e9glementation en vigueur.\",\"breadcrumb\":{\"@id\":\"https:\\\/\\\/marina-rivieresens.com\\\/mentions-legales\\\/#breadcrumb\"},\"inLanguage\":\"pt-PT\",\"potentialAction\":[{\"@type\":\"ReadAction\",\"target\":[\"https:\\\/\\\/marina-rivieresens.com\\\/mentions-legales\\\/\"]}]},{\"@type\":\"BreadcrumbList\",\"@id\":\"https:\\\/\\\/marina-rivieresens.com\\\/mentions-legales\\\/#breadcrumb\",\"itemListElement\":[{\"@type\":\"ListItem\",\"position\":1,\"name\":\"Accueil\",\"item\":\"https:\\\/\\\/marina-rivieresens.com\\\/\"},{\"@type\":\"ListItem\",\"position\":2,\"name\":\"Mentions L\u00e9gales\"}]},{\"@type\":\"WebSite\",\"@id\":\"https:\\\/\\\/marina-rivieresens.com\\\/#website\",\"url\":\"https:\\\/\\\/marina-rivieresens.com\\\/\",\"name\":\"Marina de Riviere-Sens\",\"description\":\"Port de plaisance de Basse-terre en Guadeloupe\",\"publisher\":{\"@id\":\"https:\\\/\\\/marina-rivieresens.com\\\/#organization\"},\"potentialAction\":[{\"@type\":\"SearchAction\",\"target\":{\"@type\":\"EntryPoint\",\"urlTemplate\":\"https:\\\/\\\/marina-rivieresens.com\\\/?s={search_term_string}\"},\"query-input\":{\"@type\":\"PropertyValueSpecification\",\"valueRequired\":true,\"valueName\":\"search_term_string\"}}],\"inLanguage\":\"pt-PT\"},{\"@type\":\"Organization\",\"@id\":\"https:\\\/\\\/marina-rivieresens.com\\\/#organization\",\"name\":\"MME Jeanne RIPPON - Sud Ancrage\",\"url\":\"https:\\\/\\\/marina-rivieresens.com\\\/\",\"logo\":{\"@type\":\"ImageObject\",\"inLanguage\":\"pt-PT\",\"@id\":\"https:\\\/\\\/marina-rivieresens.com\\\/#\\\/schema\\\/logo\\\/image\\\/\",\"url\":\"https:\\\/\\\/marina-rivieresens.com\\\/wp-content\\\/uploads\\\/2025\\\/10\\\/cropped-logo-marina-riviere-sens.jpg\",\"contentUrl\":\"https:\\\/\\\/marina-rivieresens.com\\\/wp-content\\\/uploads\\\/2025\\\/10\\\/cropped-logo-marina-riviere-sens.jpg\",\"width\":512,\"height\":512,\"caption\":\"MME Jeanne RIPPON - Sud Ancrage\"},\"image\":{\"@id\":\"https:\\\/\\\/marina-rivieresens.com\\\/#\\\/schema\\\/logo\\\/image\\\/\"},\"sameAs\":[\"https:\\\/\\\/www.facebook.com\\\/Sudancrage\\\/\"]}]}<\/script>\n<!-- \/ Yoast SEO plugin. -->","yoast_head_json":{"title":"Mentions l\u00e9gales \u2013 Informations l\u00e9gales du site","description":"Mentions l\u00e9gales du site : \u00e9diteur, h\u00e9bergeur, propri\u00e9t\u00e9 intellectuelle et informations l\u00e9gales conform\u00e9ment \u00e0 la r\u00e9glementation en vigueur.","robots":{"index":"noindex","follow":"follow"},"og_locale":"pt_PT","og_type":"article","og_title":"Mentions l\u00e9gales \u2013 Informations l\u00e9gales du site","og_description":"Mentions l\u00e9gales du site : \u00e9diteur, h\u00e9bergeur, propri\u00e9t\u00e9 intellectuelle et informations l\u00e9gales conform\u00e9ment \u00e0 la r\u00e9glementation en vigueur.","og_url":"https:\/\/marina-rivieresens.com\/pt\/informacao-juridica\/","og_site_name":"Marina de Riviere-Sens","article_publisher":"https:\/\/www.facebook.com\/Sudancrage\/","article_modified_time":"2026-01-21T14:02:53+00:00","twitter_card":"summary_large_image","schema":{"@context":"https:\/\/schema.org","@graph":[{"@type":"WebPage","@id":"https:\/\/marina-rivieresens.com\/mentions-legales\/","url":"https:\/\/marina-rivieresens.com\/mentions-legales\/","name":"Mentions l\u00e9gales \u2013 Informations l\u00e9gales du site","isPartOf":{"@id":"https:\/\/marina-rivieresens.com\/#website"},"datePublished":"2026-01-08T13:32:02+00:00","dateModified":"2026-01-21T14:02:53+00:00","description":"Mentions l\u00e9gales du site : \u00e9diteur, h\u00e9bergeur, propri\u00e9t\u00e9 intellectuelle et informations l\u00e9gales conform\u00e9ment \u00e0 la r\u00e9glementation en vigueur.","breadcrumb":{"@id":"https:\/\/marina-rivieresens.com\/mentions-legales\/#breadcrumb"},"inLanguage":"pt-PT","potentialAction":[{"@type":"ReadAction","target":["https:\/\/marina-rivieresens.com\/mentions-legales\/"]}]},{"@type":"BreadcrumbList","@id":"https:\/\/marina-rivieresens.com\/mentions-legales\/#breadcrumb","itemListElement":[{"@type":"ListItem","position":1,"name":"Accueil","item":"https:\/\/marina-rivieresens.com\/"},{"@type":"ListItem","position":2,"name":"Mentions L\u00e9gales"}]},{"@type":"WebSite","@id":"https:\/\/marina-rivieresens.com\/#website","url":"https:\/\/marina-rivieresens.com\/","name":"Marina de Riviere-Sens","description":"Marina de Basse-terre em Guadalupe","publisher":{"@id":"https:\/\/marina-rivieresens.com\/#organization"},"potentialAction":[{"@type":"SearchAction","target":{"@type":"EntryPoint","urlTemplate":"https:\/\/marina-rivieresens.com\/?s={search_term_string}"},"query-input":{"@type":"PropertyValueSpecification","valueRequired":true,"valueName":"search_term_string"}}],"inLanguage":"pt-PT"},{"@type":"Organization","@id":"https:\/\/marina-rivieresens.com\/#organization","name":"MRS Jeanne RIPPON - Sud Ancrage","url":"https:\/\/marina-rivieresens.com\/","logo":{"@type":"ImageObject","inLanguage":"pt-PT","@id":"https:\/\/marina-rivieresens.com\/#\/schema\/logo\/image\/","url":"https:\/\/marina-rivieresens.com\/wp-content\/uploads\/2025\/10\/cropped-logo-marina-riviere-sens.jpg","contentUrl":"https:\/\/marina-rivieresens.com\/wp-content\/uploads\/2025\/10\/cropped-logo-marina-riviere-sens.jpg","width":512,"height":512,"caption":"MME Jeanne RIPPON - Sud Ancrage"},"image":{"@id":"https:\/\/marina-rivieresens.com\/#\/schema\/logo\/image\/"},"sameAs":["https:\/\/www.facebook.com\/Sudancrage\/"]}]}},"_links":{"self":[{"href":"https:\/\/marina-rivieresens.com\/pt\/wp-json\/wp\/v2\/pages\/343","targetHints":{"allow":["GET"]}}],"collection":[{"href":"https:\/\/marina-rivieresens.com\/pt\/wp-json\/wp\/v2\/pages"}],"about":[{"href":"https:\/\/marina-rivieresens.com\/pt\/wp-json\/wp\/v2\/types\/page"}],"author":[{"embeddable":true,"href":"https:\/\/marina-rivieresens.com\/pt\/wp-json\/wp\/v2\/users\/1"}],"replies":[{"embeddable":true,"href":"https:\/\/marina-rivieresens.com\/pt\/wp-json\/wp\/v2\/comments?post=343"}],"version-history":[{"count":9,"href":"https:\/\/marina-rivieresens.com\/pt\/wp-json\/wp\/v2\/pages\/343\/revisions"}],"predecessor-version":[{"id":356,"href":"https:\/\/marina-rivieresens.com\/pt\/wp-json\/wp\/v2\/pages\/343\/revisions\/356"}],"wp:attachment":[{"href":"https:\/\/marina-rivieresens.com\/pt\/wp-json\/wp\/v2\/media?parent=343"}],"curies":[{"name":"wp","href":"https:\/\/api.w.org\/{rel}","templated":true}]}}