{"id":343,"date":"2026-01-08T09:32:02","date_gmt":"2026-01-08T13:32:02","guid":{"rendered":"https:\/\/wpjh.marina-rivieresens.com\/?page_id=343"},"modified":"2026-01-21T10:02:53","modified_gmt":"2026-01-21T14:02:53","slug":"juridische-informatie","status":"publish","type":"page","link":"https:\/\/marina-rivieresens.com\/nl\/mentions-legales\/","title":{"rendered":"Juridische informatie"},"content":{"rendered":"<div class=\"et_pb_section_0 et_pb_section et_section_regular et_flex_section\">\n<div class=\"et_pb_row_0 et_pb_row et_flex_row\">\n<div class=\"et_pb_column_0 et_pb_column et-last-child et_flex_column et_pb_css_mix_blend_mode_passthrough et_flex_column_24_24 et_flex_column_24_24_tablet et_flex_column_24_24_phone\">\n<div class=\"et_pb_text_0 et_pb_text et_pb_bg_layout_light et_pb_module et_flex_module preset--module--divi-text--default\"><div class=\"et_pb_text_inner\"><h1>Juridische informatie<\/h1>\n<p>&nbsp;<\/p>\n<p>In overeenstemming met de bepalingen van de Franse wet nr. 2004-575 van 21 juni 2004 betreffende het vertrouwen in de digitale economie (LCEN), worden de gebruikers van de site hierbij ge\u00efnformeerd over het volgende <strong>Marina Rivi\u00e8re-Sens<\/strong>\u00a0de identiteit van de verschillende partijen die betrokken zijn bij de implementatie en controle.<\/p>\n<p>\u00a0<\/p>\n<h2>Uitgever<\/h2>\n<p><strong>Naam site :<\/strong> Marina Rivi\u00e8re-Sens<br \/><strong>Verantwoordelijk voor publicatie :<\/strong> ZUIDELIJKE ANKERPLAATS<br \/><strong>Juridische status :<\/strong> SAS<br \/><strong>Geregistreerd kantooradres :<\/strong> MARINA RIVIERE SENS 97113 GOURBEYRE<br \/><strong>Telefoon :<\/strong> +590 590 86 79 43<br \/><strong>E-mailadres :<\/strong> <a href=\"mailto:capitainerie@sudancrage.com\">capitainerie@sudancrage.com<\/a><br \/><strong>SIRET-nummer :<\/strong> 52268599900024<br \/><strong>Intracommunautaire BTW :<\/strong> FR47522685999<\/p>\n<p>\u00a0<\/p>\n<h2>Site hosting<\/h2>\n<p>De site wordt gehost door :<\/p>\n<p><strong>Gehost door :<\/strong> OVHcloud<br \/><strong>Bedrijfsnaam :<\/strong> OVH SAS<br \/><strong>Adres:<\/strong> 2 rue Kellermann - 59100 Roubaix - Frankrijk<br \/><strong>Telefoon :<\/strong> 1007<br \/><strong>Website :<\/strong><a href=\"https:\/\/www.ovhcloud.com\" target=\"_blank\" rel=\"noopener noreferrer\"> https:\/\/www.ovhcloud.com<br \/><\/a><\/p>\n<p>\u00a0<\/p>\n<h2>Website ontwerp en productie<\/h2>\n<p>Site ontworpen en geproduceerd door :<br \/><strong>J\u00e9r\u00f4me Hervouet<\/strong><br \/>Website-ontwerp &amp; natuurlijke zoekmachineoptimalisatie (SEO)<br \/>Website : <a href=\"https:\/\/www.jeromehervouet.fr\" target=\"_blank\" rel=\"noopener noreferrer\">https:\/\/www.jeromehervouet.fr<\/a><\/p>\n<p>\u00a0<\/p>\n<h2>Intellectueel eigendom<\/h2>\n<p>De hele site <strong>Marina Rivi\u00e8re-Sens<\/strong>, De inhoud van deze website, met inbegrip van maar niet beperkt tot teksten, afbeeldingen, grafieken, logo's, pictogrammen, geluiden en software, is beschermd door intellectuele eigendomsrechten.<\/p>\n<p>Elke reproductie, representatie, wijziging, publicatie, aanpassing van alle of een deel van de elementen van de site, ongeacht de gebruikte middelen of processen, is verboden, tenzij met de voorafgaande schriftelijke toestemming van de publicatiemanager.<\/p>\n<p>\u00a0<\/p>\n<h2>Aansprakelijkheid<\/h2>\n<p>Informatie gepubliceerd op de site <strong>Marina Rivi\u00e8re-Sens<\/strong> worden uitsluitend ter informatie verstrekt. Hoewel alles in het werk is gesteld om ervoor te zorgen dat de informatie accuraat is, kan de beheerder van de website niet verantwoordelijk worden gehouden voor omissies, onnauwkeurigheden of het niet bijwerken van de informatie.<\/p>\n<p>Gebruikers erkennen dat zij de informatie op de site op eigen verantwoordelijkheid gebruiken.<\/p>\n<p>\u00a0<\/p>\n<h2>Persoonlijke gegevens<\/h2>\n<p>De website <strong>Marina Rivi\u00e8re-Sens<\/strong> kan persoonlijke gegevens verzamelen via haar formulieren (contact, boeking, informatieaanvraag).<\/p>\n<p>Deze gegevens worden uitsluitend gebruikt ten behoeve van de commerci\u00eble relatie of het verzoek van de gebruiker en worden in geen geval doorgegeven aan derden.<\/p>\n<p>In overeenstemming met de General Data Protection Regulation (GDPR) heb je het recht op toegang tot, rectificatie van, bezwaar tegen en verwijdering van je persoonlijke gegevens.<\/p>\n<p>Om dit recht uit te oefenen, kunt u contact opnemen met : <a href=\"mailto:capitainerie@sudancrage.com\">capitainerie@sudancrage.com<\/a><\/p>\n<p>\u00a0<\/p>\n<h2>Cookies<\/h2>\n<p>De website <strong>Marina Rivi\u00e8re-Sens<\/strong> kan cookies gebruiken om de gebruikerservaring te verbeteren en browsingstatistieken samen te stellen.<\/p>\n<p>Gebruikers kunnen hun browser zo instellen dat cookies worden geaccepteerd of geweigerd.<\/p>\n<\/div><\/div>\n<\/div>\n<\/div>\n<\/div>","protected":false},"excerpt":{"rendered":"","protected":false},"author":1,"featured_media":0,"parent":0,"menu_order":0,"comment_status":"closed","ping_status":"closed","template":"","meta":{"footnotes":""},"class_list":["post-343","page","type-page","status-publish","hentry"],"yoast_head":"<!-- This site is optimized with the Yoast SEO plugin v27.3 - https:\/\/yoast.com\/product\/yoast-seo-wordpress\/ -->\n<title>Mentions l\u00e9gales \u2013 Informations l\u00e9gales du site<\/title>\n<meta name=\"description\" content=\"Mentions l\u00e9gales du site : \u00e9diteur, h\u00e9bergeur, propri\u00e9t\u00e9 intellectuelle et informations l\u00e9gales conform\u00e9ment \u00e0 la r\u00e9glementation en vigueur.\" \/>\n<meta name=\"robots\" content=\"noindex, follow\" \/>\n<meta property=\"og:locale\" content=\"nl_NL\" \/>\n<meta property=\"og:type\" content=\"article\" \/>\n<meta property=\"og:title\" content=\"Mentions l\u00e9gales \u2013 Informations l\u00e9gales du site\" \/>\n<meta property=\"og:description\" content=\"Mentions l\u00e9gales du site : \u00e9diteur, h\u00e9bergeur, propri\u00e9t\u00e9 intellectuelle et informations l\u00e9gales conform\u00e9ment \u00e0 la r\u00e9glementation en vigueur.\" \/>\n<meta property=\"og:url\" content=\"https:\/\/marina-rivieresens.com\/nl\/juridische-informatie\/\" \/>\n<meta property=\"og:site_name\" content=\"Marina de Riviere-Sens\" \/>\n<meta property=\"article:publisher\" content=\"https:\/\/www.facebook.com\/Sudancrage\/\" \/>\n<meta property=\"article:modified_time\" content=\"2026-01-21T14:02:53+00:00\" \/>\n<meta name=\"twitter:card\" content=\"summary_large_image\" \/>\n<script type=\"application\/ld+json\" class=\"yoast-schema-graph\">{\"@context\":\"https:\\\/\\\/schema.org\",\"@graph\":[{\"@type\":\"WebPage\",\"@id\":\"https:\\\/\\\/marina-rivieresens.com\\\/mentions-legales\\\/\",\"url\":\"https:\\\/\\\/marina-rivieresens.com\\\/mentions-legales\\\/\",\"name\":\"Mentions l\u00e9gales \u2013 Informations l\u00e9gales du site\",\"isPartOf\":{\"@id\":\"https:\\\/\\\/marina-rivieresens.com\\\/#website\"},\"datePublished\":\"2026-01-08T13:32:02+00:00\",\"dateModified\":\"2026-01-21T14:02:53+00:00\",\"description\":\"Mentions l\u00e9gales du site : \u00e9diteur, h\u00e9bergeur, propri\u00e9t\u00e9 intellectuelle et informations l\u00e9gales conform\u00e9ment \u00e0 la r\u00e9glementation en vigueur.\",\"breadcrumb\":{\"@id\":\"https:\\\/\\\/marina-rivieresens.com\\\/mentions-legales\\\/#breadcrumb\"},\"inLanguage\":\"nl-NL\",\"potentialAction\":[{\"@type\":\"ReadAction\",\"target\":[\"https:\\\/\\\/marina-rivieresens.com\\\/mentions-legales\\\/\"]}]},{\"@type\":\"BreadcrumbList\",\"@id\":\"https:\\\/\\\/marina-rivieresens.com\\\/mentions-legales\\\/#breadcrumb\",\"itemListElement\":[{\"@type\":\"ListItem\",\"position\":1,\"name\":\"Accueil\",\"item\":\"https:\\\/\\\/marina-rivieresens.com\\\/\"},{\"@type\":\"ListItem\",\"position\":2,\"name\":\"Mentions L\u00e9gales\"}]},{\"@type\":\"WebSite\",\"@id\":\"https:\\\/\\\/marina-rivieresens.com\\\/#website\",\"url\":\"https:\\\/\\\/marina-rivieresens.com\\\/\",\"name\":\"Marina de Riviere-Sens\",\"description\":\"Port de plaisance de Basse-terre en Guadeloupe\",\"publisher\":{\"@id\":\"https:\\\/\\\/marina-rivieresens.com\\\/#organization\"},\"potentialAction\":[{\"@type\":\"SearchAction\",\"target\":{\"@type\":\"EntryPoint\",\"urlTemplate\":\"https:\\\/\\\/marina-rivieresens.com\\\/?s={search_term_string}\"},\"query-input\":{\"@type\":\"PropertyValueSpecification\",\"valueRequired\":true,\"valueName\":\"search_term_string\"}}],\"inLanguage\":\"nl-NL\"},{\"@type\":\"Organization\",\"@id\":\"https:\\\/\\\/marina-rivieresens.com\\\/#organization\",\"name\":\"MME Jeanne RIPPON - Sud Ancrage\",\"url\":\"https:\\\/\\\/marina-rivieresens.com\\\/\",\"logo\":{\"@type\":\"ImageObject\",\"inLanguage\":\"nl-NL\",\"@id\":\"https:\\\/\\\/marina-rivieresens.com\\\/#\\\/schema\\\/logo\\\/image\\\/\",\"url\":\"https:\\\/\\\/marina-rivieresens.com\\\/wp-content\\\/uploads\\\/2025\\\/10\\\/cropped-logo-marina-riviere-sens.jpg\",\"contentUrl\":\"https:\\\/\\\/marina-rivieresens.com\\\/wp-content\\\/uploads\\\/2025\\\/10\\\/cropped-logo-marina-riviere-sens.jpg\",\"width\":512,\"height\":512,\"caption\":\"MME Jeanne RIPPON - Sud Ancrage\"},\"image\":{\"@id\":\"https:\\\/\\\/marina-rivieresens.com\\\/#\\\/schema\\\/logo\\\/image\\\/\"},\"sameAs\":[\"https:\\\/\\\/www.facebook.com\\\/Sudancrage\\\/\"]}]}<\/script>\n<!-- \/ Yoast SEO plugin. -->","yoast_head_json":{"title":"Mentions l\u00e9gales \u2013 Informations l\u00e9gales du site","description":"Mentions l\u00e9gales du site : \u00e9diteur, h\u00e9bergeur, propri\u00e9t\u00e9 intellectuelle et informations l\u00e9gales conform\u00e9ment \u00e0 la r\u00e9glementation en vigueur.","robots":{"index":"noindex","follow":"follow"},"og_locale":"nl_NL","og_type":"article","og_title":"Mentions l\u00e9gales \u2013 Informations l\u00e9gales du site","og_description":"Mentions l\u00e9gales du site : \u00e9diteur, h\u00e9bergeur, propri\u00e9t\u00e9 intellectuelle et informations l\u00e9gales conform\u00e9ment \u00e0 la r\u00e9glementation en vigueur.","og_url":"https:\/\/marina-rivieresens.com\/nl\/juridische-informatie\/","og_site_name":"Marina de Riviere-Sens","article_publisher":"https:\/\/www.facebook.com\/Sudancrage\/","article_modified_time":"2026-01-21T14:02:53+00:00","twitter_card":"summary_large_image","schema":{"@context":"https:\/\/schema.org","@graph":[{"@type":"WebPage","@id":"https:\/\/marina-rivieresens.com\/mentions-legales\/","url":"https:\/\/marina-rivieresens.com\/mentions-legales\/","name":"Mentions l\u00e9gales \u2013 Informations l\u00e9gales du site","isPartOf":{"@id":"https:\/\/marina-rivieresens.com\/#website"},"datePublished":"2026-01-08T13:32:02+00:00","dateModified":"2026-01-21T14:02:53+00:00","description":"Mentions l\u00e9gales du site : \u00e9diteur, h\u00e9bergeur, propri\u00e9t\u00e9 intellectuelle et informations l\u00e9gales conform\u00e9ment \u00e0 la r\u00e9glementation en vigueur.","breadcrumb":{"@id":"https:\/\/marina-rivieresens.com\/mentions-legales\/#breadcrumb"},"inLanguage":"nl-NL","potentialAction":[{"@type":"ReadAction","target":["https:\/\/marina-rivieresens.com\/mentions-legales\/"]}]},{"@type":"BreadcrumbList","@id":"https:\/\/marina-rivieresens.com\/mentions-legales\/#breadcrumb","itemListElement":[{"@type":"ListItem","position":1,"name":"Accueil","item":"https:\/\/marina-rivieresens.com\/"},{"@type":"ListItem","position":2,"name":"Mentions L\u00e9gales"}]},{"@type":"WebSite","@id":"https:\/\/marina-rivieresens.com\/#website","url":"https:\/\/marina-rivieresens.com\/","name":"Marina Rivi\u00e8re-Sens","description":"Jachthaven Basse-terre in Guadeloupe","publisher":{"@id":"https:\/\/marina-rivieresens.com\/#organization"},"potentialAction":[{"@type":"SearchAction","target":{"@type":"EntryPoint","urlTemplate":"https:\/\/marina-rivieresens.com\/?s={search_term_string}"},"query-input":{"@type":"PropertyValueSpecification","valueRequired":true,"valueName":"search_term_string"}}],"inLanguage":"nl-NL"},{"@type":"Organization","@id":"https:\/\/marina-rivieresens.com\/#organization","name":"MRS Jeanne RIPPON - Sud Ancrage","url":"https:\/\/marina-rivieresens.com\/","logo":{"@type":"ImageObject","inLanguage":"nl-NL","@id":"https:\/\/marina-rivieresens.com\/#\/schema\/logo\/image\/","url":"https:\/\/marina-rivieresens.com\/wp-content\/uploads\/2025\/10\/cropped-logo-marina-riviere-sens.jpg","contentUrl":"https:\/\/marina-rivieresens.com\/wp-content\/uploads\/2025\/10\/cropped-logo-marina-riviere-sens.jpg","width":512,"height":512,"caption":"MME Jeanne RIPPON - Sud Ancrage"},"image":{"@id":"https:\/\/marina-rivieresens.com\/#\/schema\/logo\/image\/"},"sameAs":["https:\/\/www.facebook.com\/Sudancrage\/"]}]}},"_links":{"self":[{"href":"https:\/\/marina-rivieresens.com\/nl\/wp-json\/wp\/v2\/pages\/343","targetHints":{"allow":["GET"]}}],"collection":[{"href":"https:\/\/marina-rivieresens.com\/nl\/wp-json\/wp\/v2\/pages"}],"about":[{"href":"https:\/\/marina-rivieresens.com\/nl\/wp-json\/wp\/v2\/types\/page"}],"author":[{"embeddable":true,"href":"https:\/\/marina-rivieresens.com\/nl\/wp-json\/wp\/v2\/users\/1"}],"replies":[{"embeddable":true,"href":"https:\/\/marina-rivieresens.com\/nl\/wp-json\/wp\/v2\/comments?post=343"}],"version-history":[{"count":9,"href":"https:\/\/marina-rivieresens.com\/nl\/wp-json\/wp\/v2\/pages\/343\/revisions"}],"predecessor-version":[{"id":356,"href":"https:\/\/marina-rivieresens.com\/nl\/wp-json\/wp\/v2\/pages\/343\/revisions\/356"}],"wp:attachment":[{"href":"https:\/\/marina-rivieresens.com\/nl\/wp-json\/wp\/v2\/media?parent=343"}],"curies":[{"name":"wp","href":"https:\/\/api.w.org\/{rel}","templated":true}]}}