{"id":343,"date":"2026-01-08T09:32:02","date_gmt":"2026-01-08T13:32:02","guid":{"rendered":"https:\/\/wpjh.marina-rivieresens.com\/?page_id=343"},"modified":"2026-01-21T10:02:53","modified_gmt":"2026-01-21T14:02:53","slug":"informazioni-legali","status":"publish","type":"page","link":"https:\/\/marina-rivieresens.com\/it\/mentions-legales\/","title":{"rendered":"Informazioni legali"},"content":{"rendered":"<div class=\"et_pb_section_0 et_pb_section et_section_regular et_flex_section\">\n<div class=\"et_pb_row_0 et_pb_row et_flex_row\">\n<div class=\"et_pb_column_0 et_pb_column et-last-child et_flex_column et_pb_css_mix_blend_mode_passthrough et_flex_column_24_24 et_flex_column_24_24_tablet et_flex_column_24_24_phone\">\n<div class=\"et_pb_text_0 et_pb_text et_pb_bg_layout_light et_pb_module et_flex_module preset--module--divi-text--default\"><div class=\"et_pb_text_inner\"><h1>Informazioni legali<\/h1>\n<p>&nbsp;<\/p>\n<p>In conformit\u00e0 con le disposizioni della legge francese n. 2004-575 del 21 giugno 2004 sulla fiducia nell'economia digitale (LCEN), gli utenti del sito sono informati di quanto segue <strong>Marina Rivi\u00e8re-Sens<\/strong>\u00a0l'identit\u00e0 delle varie parti coinvolte nella sua attuazione e nel suo monitoraggio.<\/p>\n<p>\u00a0<\/p>\n<h2>Editore del sito<\/h2>\n<p><strong>Nome del sito :<\/strong> Marina Rivi\u00e8re-Sens<br \/><strong>Responsabile della pubblicazione :<\/strong> SUD ANCRAGE<br \/><strong>Stato giuridico :<\/strong> SAS<br \/><strong>Indirizzo della sede legale :<\/strong> MARINA RIVIERE SENS 97113 GOURBEYRE<br \/><strong>Telefono :<\/strong> +590 590 86 79 43<br \/><strong>Indirizzo e-mail :<\/strong> <a href=\"mailto:capitainerie@sudancrage.com\">capitainerie@sudancrage.com<\/a><br \/><strong>Numero SIRET :<\/strong> 52268599900024<br \/><strong>IVA intracomunitaria :<\/strong> FR47522685999<\/p>\n<p>\u00a0<\/p>\n<h2>Hosting del sito web<\/h2>\n<p>Il sito \u00e8 ospitato da :<\/p>\n<p><strong>Ospitato da :<\/strong> OVHcloud<br \/><strong>Nome della societ\u00e0 :<\/strong> OVH SAS<br \/><strong>Indirizzo:<\/strong> 2 rue Kellermann - 59100 Roubaix - Francia<br \/><strong>Telefono :<\/strong> 1007<br \/><strong>Sito web :<\/strong><a href=\"https:\/\/www.ovhcloud.com\" target=\"_blank\" rel=\"noopener noreferrer\"> https:\/\/www.ovhcloud.com<br \/><\/a><\/p>\n<p>\u00a0<\/p>\n<h2>Progettazione e produzione di siti web<\/h2>\n<p>Sito progettato e realizzato da :<br \/><strong>J\u00e9r\u00f4me Hervouet<\/strong><br \/>Progettazione di siti web e ottimizzazione naturale per i motori di ricerca (SEO)<br \/>Sito web : <a href=\"https:\/\/www.jeromehervouet.fr\" target=\"_blank\" rel=\"noopener noreferrer\">https:\/\/www.jeromehervouet.fr<\/a><\/p>\n<p>\u00a0<\/p>\n<h2>Propriet\u00e0 intellettuale<\/h2>\n<p>L'intero sito <strong>Marina Rivi\u00e8re-Sens<\/strong>, Il contenuto di questo sito web, compresi, ma non solo, testi, immagini, grafici, loghi, icone, suoni e software, \u00e8 protetto da diritti di propriet\u00e0 intellettuale.<\/p>\n<p>\u00c8 vietata la riproduzione, la rappresentazione, la modifica, la pubblicazione, l'adattamento di tutti o parte degli elementi del sito, qualunque sia il mezzo o il processo utilizzato, salvo previa autorizzazione scritta del responsabile della pubblicazione.<\/p>\n<p>\u00a0<\/p>\n<h2>Responsabilit\u00e0<\/h2>\n<p>Informazioni pubblicate sul sito <strong>Marina Rivi\u00e8re-Sens<\/strong> sono forniti a titolo puramente informativo. Sebbene sia stata posta la massima cura nell'assicurare l'accuratezza delle informazioni, l'operatore del sito web non pu\u00f2 essere ritenuto responsabile per eventuali omissioni, imprecisioni o mancato aggiornamento delle informazioni.<\/p>\n<p>Gli utenti riconoscono di utilizzare le informazioni contenute nel sito sotto la loro esclusiva responsabilit\u00e0.<\/p>\n<p>\u00a0<\/p>\n<h2>Dati personali<\/h2>\n<p>Il sito web <strong>Marina Rivi\u00e8re-Sens<\/strong> pu\u00f2 raccogliere dati personali attraverso i suoi moduli (contatto, prenotazione, richiesta di informazioni).<\/p>\n<p>Questi dati vengono utilizzati esclusivamente ai fini del rapporto commerciale o della richiesta dell'utente e non vengono in nessun caso ceduti a terzi.<\/p>\n<p>In conformit\u00e0 al Regolamento generale sulla protezione dei dati (GDPR), l'utente ha il diritto di accedere, rettificare, opporsi e cancellare i propri dati personali.<\/p>\n<p>Per esercitare questo diritto, si prega di contattare : <a href=\"mailto:capitainerie@sudancrage.com\">capitainerie@sudancrage.com<\/a><\/p>\n<p>\u00a0<\/p>\n<h2>Biscotti<\/h2>\n<p>Il sito web <strong>Marina Rivi\u00e8re-Sens<\/strong> pu\u00f2 utilizzare i cookie per migliorare l'esperienza dell'utente e compilare statistiche di navigazione.<\/p>\n<p>Gli utenti possono configurare il proprio browser in modo da accettare o rifiutare i cookie in qualsiasi momento.<\/p>\n<\/div><\/div>\n<\/div>\n<\/div>\n<\/div>","protected":false},"excerpt":{"rendered":"","protected":false},"author":1,"featured_media":0,"parent":0,"menu_order":0,"comment_status":"closed","ping_status":"closed","template":"","meta":{"footnotes":""},"class_list":["post-343","page","type-page","status-publish","hentry"],"yoast_head":"<!-- This site is optimized with the Yoast SEO plugin v27.3 - https:\/\/yoast.com\/product\/yoast-seo-wordpress\/ -->\n<title>Mentions l\u00e9gales \u2013 Informations l\u00e9gales du site<\/title>\n<meta name=\"description\" content=\"Mentions l\u00e9gales du site : \u00e9diteur, h\u00e9bergeur, propri\u00e9t\u00e9 intellectuelle et informations l\u00e9gales conform\u00e9ment \u00e0 la r\u00e9glementation en vigueur.\" \/>\n<meta name=\"robots\" content=\"noindex, follow\" \/>\n<meta property=\"og:locale\" content=\"it_IT\" \/>\n<meta property=\"og:type\" content=\"article\" \/>\n<meta property=\"og:title\" content=\"Mentions l\u00e9gales \u2013 Informations l\u00e9gales du site\" \/>\n<meta property=\"og:description\" content=\"Mentions l\u00e9gales du site : \u00e9diteur, h\u00e9bergeur, propri\u00e9t\u00e9 intellectuelle et informations l\u00e9gales conform\u00e9ment \u00e0 la r\u00e9glementation en vigueur.\" \/>\n<meta property=\"og:url\" content=\"https:\/\/marina-rivieresens.com\/it\/informazioni-legali\/\" \/>\n<meta property=\"og:site_name\" content=\"Marina de Riviere-Sens\" \/>\n<meta property=\"article:publisher\" content=\"https:\/\/www.facebook.com\/Sudancrage\/\" \/>\n<meta property=\"article:modified_time\" content=\"2026-01-21T14:02:53+00:00\" \/>\n<meta name=\"twitter:card\" content=\"summary_large_image\" \/>\n<script type=\"application\/ld+json\" class=\"yoast-schema-graph\">{\"@context\":\"https:\\\/\\\/schema.org\",\"@graph\":[{\"@type\":\"WebPage\",\"@id\":\"https:\\\/\\\/marina-rivieresens.com\\\/mentions-legales\\\/\",\"url\":\"https:\\\/\\\/marina-rivieresens.com\\\/mentions-legales\\\/\",\"name\":\"Mentions l\u00e9gales \u2013 Informations l\u00e9gales du site\",\"isPartOf\":{\"@id\":\"https:\\\/\\\/marina-rivieresens.com\\\/#website\"},\"datePublished\":\"2026-01-08T13:32:02+00:00\",\"dateModified\":\"2026-01-21T14:02:53+00:00\",\"description\":\"Mentions l\u00e9gales du site : \u00e9diteur, h\u00e9bergeur, propri\u00e9t\u00e9 intellectuelle et informations l\u00e9gales conform\u00e9ment \u00e0 la r\u00e9glementation en vigueur.\",\"breadcrumb\":{\"@id\":\"https:\\\/\\\/marina-rivieresens.com\\\/mentions-legales\\\/#breadcrumb\"},\"inLanguage\":\"it-IT\",\"potentialAction\":[{\"@type\":\"ReadAction\",\"target\":[\"https:\\\/\\\/marina-rivieresens.com\\\/mentions-legales\\\/\"]}]},{\"@type\":\"BreadcrumbList\",\"@id\":\"https:\\\/\\\/marina-rivieresens.com\\\/mentions-legales\\\/#breadcrumb\",\"itemListElement\":[{\"@type\":\"ListItem\",\"position\":1,\"name\":\"Accueil\",\"item\":\"https:\\\/\\\/marina-rivieresens.com\\\/\"},{\"@type\":\"ListItem\",\"position\":2,\"name\":\"Mentions L\u00e9gales\"}]},{\"@type\":\"WebSite\",\"@id\":\"https:\\\/\\\/marina-rivieresens.com\\\/#website\",\"url\":\"https:\\\/\\\/marina-rivieresens.com\\\/\",\"name\":\"Marina de Riviere-Sens\",\"description\":\"Port de plaisance de Basse-terre en Guadeloupe\",\"publisher\":{\"@id\":\"https:\\\/\\\/marina-rivieresens.com\\\/#organization\"},\"potentialAction\":[{\"@type\":\"SearchAction\",\"target\":{\"@type\":\"EntryPoint\",\"urlTemplate\":\"https:\\\/\\\/marina-rivieresens.com\\\/?s={search_term_string}\"},\"query-input\":{\"@type\":\"PropertyValueSpecification\",\"valueRequired\":true,\"valueName\":\"search_term_string\"}}],\"inLanguage\":\"it-IT\"},{\"@type\":\"Organization\",\"@id\":\"https:\\\/\\\/marina-rivieresens.com\\\/#organization\",\"name\":\"MME Jeanne RIPPON - Sud Ancrage\",\"url\":\"https:\\\/\\\/marina-rivieresens.com\\\/\",\"logo\":{\"@type\":\"ImageObject\",\"inLanguage\":\"it-IT\",\"@id\":\"https:\\\/\\\/marina-rivieresens.com\\\/#\\\/schema\\\/logo\\\/image\\\/\",\"url\":\"https:\\\/\\\/marina-rivieresens.com\\\/wp-content\\\/uploads\\\/2025\\\/10\\\/cropped-logo-marina-riviere-sens.jpg\",\"contentUrl\":\"https:\\\/\\\/marina-rivieresens.com\\\/wp-content\\\/uploads\\\/2025\\\/10\\\/cropped-logo-marina-riviere-sens.jpg\",\"width\":512,\"height\":512,\"caption\":\"MME Jeanne RIPPON - Sud Ancrage\"},\"image\":{\"@id\":\"https:\\\/\\\/marina-rivieresens.com\\\/#\\\/schema\\\/logo\\\/image\\\/\"},\"sameAs\":[\"https:\\\/\\\/www.facebook.com\\\/Sudancrage\\\/\"]}]}<\/script>\n<!-- \/ Yoast SEO plugin. -->","yoast_head_json":{"title":"Mentions l\u00e9gales \u2013 Informations l\u00e9gales du site","description":"Mentions l\u00e9gales du site : \u00e9diteur, h\u00e9bergeur, propri\u00e9t\u00e9 intellectuelle et informations l\u00e9gales conform\u00e9ment \u00e0 la r\u00e9glementation en vigueur.","robots":{"index":"noindex","follow":"follow"},"og_locale":"it_IT","og_type":"article","og_title":"Mentions l\u00e9gales \u2013 Informations l\u00e9gales du site","og_description":"Mentions l\u00e9gales du site : \u00e9diteur, h\u00e9bergeur, propri\u00e9t\u00e9 intellectuelle et informations l\u00e9gales conform\u00e9ment \u00e0 la r\u00e9glementation en vigueur.","og_url":"https:\/\/marina-rivieresens.com\/it\/informazioni-legali\/","og_site_name":"Marina de Riviere-Sens","article_publisher":"https:\/\/www.facebook.com\/Sudancrage\/","article_modified_time":"2026-01-21T14:02:53+00:00","twitter_card":"summary_large_image","schema":{"@context":"https:\/\/schema.org","@graph":[{"@type":"WebPage","@id":"https:\/\/marina-rivieresens.com\/mentions-legales\/","url":"https:\/\/marina-rivieresens.com\/mentions-legales\/","name":"Mentions l\u00e9gales \u2013 Informations l\u00e9gales du site","isPartOf":{"@id":"https:\/\/marina-rivieresens.com\/#website"},"datePublished":"2026-01-08T13:32:02+00:00","dateModified":"2026-01-21T14:02:53+00:00","description":"Mentions l\u00e9gales du site : \u00e9diteur, h\u00e9bergeur, propri\u00e9t\u00e9 intellectuelle et informations l\u00e9gales conform\u00e9ment \u00e0 la r\u00e9glementation en vigueur.","breadcrumb":{"@id":"https:\/\/marina-rivieresens.com\/mentions-legales\/#breadcrumb"},"inLanguage":"it-IT","potentialAction":[{"@type":"ReadAction","target":["https:\/\/marina-rivieresens.com\/mentions-legales\/"]}]},{"@type":"BreadcrumbList","@id":"https:\/\/marina-rivieresens.com\/mentions-legales\/#breadcrumb","itemListElement":[{"@type":"ListItem","position":1,"name":"Accueil","item":"https:\/\/marina-rivieresens.com\/"},{"@type":"ListItem","position":2,"name":"Mentions L\u00e9gales"}]},{"@type":"WebSite","@id":"https:\/\/marina-rivieresens.com\/#website","url":"https:\/\/marina-rivieresens.com\/","name":"Marina di Riviere-Sens","description":"Marina di Basse-terre in Guadalupa","publisher":{"@id":"https:\/\/marina-rivieresens.com\/#organization"},"potentialAction":[{"@type":"SearchAction","target":{"@type":"EntryPoint","urlTemplate":"https:\/\/marina-rivieresens.com\/?s={search_term_string}"},"query-input":{"@type":"PropertyValueSpecification","valueRequired":true,"valueName":"search_term_string"}}],"inLanguage":"it-IT"},{"@type":"Organization","@id":"https:\/\/marina-rivieresens.com\/#organization","name":"MRS Jeanne RIPPON - Sud Ancrage","url":"https:\/\/marina-rivieresens.com\/","logo":{"@type":"ImageObject","inLanguage":"it-IT","@id":"https:\/\/marina-rivieresens.com\/#\/schema\/logo\/image\/","url":"https:\/\/marina-rivieresens.com\/wp-content\/uploads\/2025\/10\/cropped-logo-marina-riviere-sens.jpg","contentUrl":"https:\/\/marina-rivieresens.com\/wp-content\/uploads\/2025\/10\/cropped-logo-marina-riviere-sens.jpg","width":512,"height":512,"caption":"MME Jeanne RIPPON - Sud Ancrage"},"image":{"@id":"https:\/\/marina-rivieresens.com\/#\/schema\/logo\/image\/"},"sameAs":["https:\/\/www.facebook.com\/Sudancrage\/"]}]}},"_links":{"self":[{"href":"https:\/\/marina-rivieresens.com\/it\/wp-json\/wp\/v2\/pages\/343","targetHints":{"allow":["GET"]}}],"collection":[{"href":"https:\/\/marina-rivieresens.com\/it\/wp-json\/wp\/v2\/pages"}],"about":[{"href":"https:\/\/marina-rivieresens.com\/it\/wp-json\/wp\/v2\/types\/page"}],"author":[{"embeddable":true,"href":"https:\/\/marina-rivieresens.com\/it\/wp-json\/wp\/v2\/users\/1"}],"replies":[{"embeddable":true,"href":"https:\/\/marina-rivieresens.com\/it\/wp-json\/wp\/v2\/comments?post=343"}],"version-history":[{"count":9,"href":"https:\/\/marina-rivieresens.com\/it\/wp-json\/wp\/v2\/pages\/343\/revisions"}],"predecessor-version":[{"id":356,"href":"https:\/\/marina-rivieresens.com\/it\/wp-json\/wp\/v2\/pages\/343\/revisions\/356"}],"wp:attachment":[{"href":"https:\/\/marina-rivieresens.com\/it\/wp-json\/wp\/v2\/media?parent=343"}],"curies":[{"name":"wp","href":"https:\/\/api.w.org\/{rel}","templated":true}]}}