{"id":488,"date":"2026-01-29T09:02:48","date_gmt":"2026-01-29T13:02:48","guid":{"rendered":"https:\/\/marina-rivieresens.com\/?page_id=488"},"modified":"2026-03-11T08:34:31","modified_gmt":"2026-03-11T12:34:31","slug":"evenements-manifestations","status":"publish","type":"page","link":"https:\/\/marina-rivieresens.com\/en\/evenements-manifestations\/","title":{"rendered":"Events &amp; Activities at Rivi\u00e8re-Sens Marina"},"content":{"rendered":"<div class=\"et_pb_section_0 et_pb_section et_section_regular et_flex_section\"><div class=\"et_pb_row_0 et_pb_row et_flex_row\"><div class=\"et_pb_column_0 et_pb_column et-last-child et_flex_column et_pb_css_mix_blend_mode_passthrough et_flex_column_24_24 et_flex_column_24_24_tablet et_flex_column_24_24_phone\"><div class=\"et_pb_text_0 et_pb_text et_pb_bg_layout_light et_pb_module et_flex_module preset--module--divi-text--default\"><div class=\"et_pb_text_inner\"><p><!-- wp:paragraph --><\/p>\n<p class=\"translation-block\">Discover upcoming events, activities and highlights organised at Rivi\u00e8re-Sens Marina. <br>This page is updated according to current events.<\/p>\n<p><!-- \/wp:paragraph --><\/p>\n<p><!-- wp:spacer {\"height\":\"50px\"} --><\/p>\n<div style=\"height:50px\" aria-hidden=\"true\" class=\"wp-block-spacer\"><\/div>\n<p><!-- \/wp:spacer --><\/p>\n<p><!-- wp:separator {\"className\":\"is-style-default\"} --><\/p>\n<hr class=\"wp-block-separator has-alpha-channel-opacity is-style-default\"\/>\n<!-- \/wp:separator --><\/p>\n<p><!-- wp:spacer {\"height\":\"50px\"} --><\/p>\n<div style=\"height:50px\" aria-hidden=\"true\" class=\"wp-block-spacer\"><\/div>\n<p><!-- \/wp:spacer --><\/p>\n<p><!-- wp:heading {\"textAlign\":\"center\"} --><\/p>\n<h2 class=\"wp-block-heading has-text-align-center\">Upcoming event<\/h2>\n<p><!-- \/wp:heading --><\/p>\n<p><!-- wp:spacer {\"height\":\"50px\"} --><\/p>\n<div style=\"height:50px\" aria-hidden=\"true\" class=\"wp-block-spacer\"><\/div>\n<p><!-- \/wp:spacer --><\/p>\n<p><!-- wp:image {\"id\":494,\"sizeSlug\":\"full\",\"linkDestination\":\"media\",\"align\":\"center\"} --><\/p>\n<figure class=\"wp-block-image aligncenter size-full\"><a href=\"https:\/\/marina-rivieresens.com\/wp-content\/uploads\/2026\/01\/POSTER-PIANOCEAN-Riviere-Sens.webp\" target=\"_blank\" rel=\" noreferrer noopener\"><img loading=\"lazy\" decoding=\"async\" width=\"724\" height=\"1024\" src=\"https:\/\/marina-rivieresens.com\/wp-content\/uploads\/2026\/01\/POSTER-PIANOCEAN-Riviere-Sens.webp\" alt=\"\" class=\"wp-image-494\" srcset=\"https:\/\/marina-rivieresens.com\/wp-content\/uploads\/2026\/01\/POSTER-PIANOCEAN-Riviere-Sens.webp 724w, https:\/\/marina-rivieresens.com\/wp-content\/uploads\/2026\/01\/POSTER-PIANOCEAN-Riviere-Sens-480x679.webp 480w\" sizes=\"(min-width: 0px) and (max-width: 480px) 480px, (min-width: 481px) 724px, 100vw\" \/><\/a><figcaption class=\"wp-element-caption translation-block\">PIANOCEAN \u2013 February 21st 2026 <br>\nEvent organised at Rivi\u00e8re-Sens Marina.<\/figcaption><\/figure>\n<p><!-- \/wp:image --><\/p>\n<\/div><\/div><\/div><\/div><\/div>","protected":false},"excerpt":{"rendered":"","protected":false},"author":1,"featured_media":0,"parent":0,"menu_order":0,"comment_status":"closed","ping_status":"closed","template":"","meta":{"footnotes":""},"class_list":["post-488","page","type-page","status-publish","hentry"],"yoast_head":"<!-- This site is optimized with the Yoast SEO plugin v27.3 - https:\/\/yoast.com\/product\/yoast-seo-wordpress\/ -->\n<title>\u00c9v\u00e8nements &amp; manifestations \u00e0 la Marina de Rivi\u00e8re-Sens \u2013 Guadeloupe<\/title>\n<meta name=\"description\" content=\"D\u00e9couvrez les \u00e9v\u00e8nements et manifestations organis\u00e9s \u00e0 la Marina de Rivi\u00e8re-Sens en Guadeloupe : animations, rencontres nautiques et temps forts \u00e0 venir.\" \/>\n<meta name=\"robots\" content=\"index, follow, max-snippet:-1, max-image-preview:large, max-video-preview:-1\" \/>\n<link rel=\"canonical\" href=\"https:\/\/marina-rivieresens.com\/en\/evenements-manifestations\/\" \/>\n<meta property=\"og:locale\" content=\"en_GB\" \/>\n<meta property=\"og:type\" content=\"article\" \/>\n<meta property=\"og:title\" content=\"\u00c9v\u00e8nements &amp; manifestations \u00e0 la Marina de Rivi\u00e8re-Sens \u2013 Guadeloupe\" \/>\n<meta property=\"og:description\" content=\"D\u00e9couvrez les \u00e9v\u00e8nements et manifestations organis\u00e9s \u00e0 la Marina de Rivi\u00e8re-Sens en Guadeloupe : animations, rencontres nautiques et temps forts \u00e0 venir.\" \/>\n<meta property=\"og:url\" content=\"https:\/\/marina-rivieresens.com\/en\/evenements-manifestations\/\" \/>\n<meta property=\"og:site_name\" content=\"Marina de Riviere-Sens\" \/>\n<meta property=\"article:publisher\" content=\"https:\/\/www.facebook.com\/Sudancrage\/\" \/>\n<meta property=\"article:modified_time\" content=\"2026-03-11T12:34:31+00:00\" \/>\n<meta name=\"twitter:card\" content=\"summary_large_image\" \/>\n<meta name=\"twitter:label1\" content=\"Estimated reading time\" \/>\n\t<meta name=\"twitter:data1\" content=\"1 minute\" \/>\n<script type=\"application\/ld+json\" class=\"yoast-schema-graph\">{\"@context\":\"https:\\\/\\\/schema.org\",\"@graph\":[{\"@type\":\"WebPage\",\"@id\":\"https:\\\/\\\/marina-rivieresens.com\\\/evenements-manifestations\\\/\",\"url\":\"https:\\\/\\\/marina-rivieresens.com\\\/evenements-manifestations\\\/\",\"name\":\"\u00c9v\u00e8nements & manifestations \u00e0 la Marina de Rivi\u00e8re-Sens \u2013 Guadeloupe\",\"isPartOf\":{\"@id\":\"https:\\\/\\\/marina-rivieresens.com\\\/#website\"},\"datePublished\":\"2026-01-29T13:02:48+00:00\",\"dateModified\":\"2026-03-11T12:34:31+00:00\",\"description\":\"D\u00e9couvrez les \u00e9v\u00e8nements et manifestations organis\u00e9s \u00e0 la Marina de Rivi\u00e8re-Sens en Guadeloupe : animations, rencontres nautiques et temps forts \u00e0 venir.\",\"breadcrumb\":{\"@id\":\"https:\\\/\\\/marina-rivieresens.com\\\/evenements-manifestations\\\/#breadcrumb\"},\"inLanguage\":\"en-GB\",\"potentialAction\":[{\"@type\":\"ReadAction\",\"target\":[\"https:\\\/\\\/marina-rivieresens.com\\\/evenements-manifestations\\\/\"]}]},{\"@type\":\"BreadcrumbList\",\"@id\":\"https:\\\/\\\/marina-rivieresens.com\\\/evenements-manifestations\\\/#breadcrumb\",\"itemListElement\":[{\"@type\":\"ListItem\",\"position\":1,\"name\":\"Accueil\",\"item\":\"https:\\\/\\\/marina-rivieresens.com\\\/\"},{\"@type\":\"ListItem\",\"position\":2,\"name\":\"\u00c9v\u00e8nements et manifestations \u00e0 la Marina de Rivi\u00e8re-Sens\"}]},{\"@type\":\"WebSite\",\"@id\":\"https:\\\/\\\/marina-rivieresens.com\\\/#website\",\"url\":\"https:\\\/\\\/marina-rivieresens.com\\\/\",\"name\":\"Marina de Riviere-Sens\",\"description\":\"Port de plaisance de Basse-terre en Guadeloupe\",\"publisher\":{\"@id\":\"https:\\\/\\\/marina-rivieresens.com\\\/#organization\"},\"potentialAction\":[{\"@type\":\"SearchAction\",\"target\":{\"@type\":\"EntryPoint\",\"urlTemplate\":\"https:\\\/\\\/marina-rivieresens.com\\\/?s={search_term_string}\"},\"query-input\":{\"@type\":\"PropertyValueSpecification\",\"valueRequired\":true,\"valueName\":\"search_term_string\"}}],\"inLanguage\":\"en-GB\"},{\"@type\":\"Organization\",\"@id\":\"https:\\\/\\\/marina-rivieresens.com\\\/#organization\",\"name\":\"MME Jeanne RIPPON - Sud Ancrage\",\"url\":\"https:\\\/\\\/marina-rivieresens.com\\\/\",\"logo\":{\"@type\":\"ImageObject\",\"inLanguage\":\"en-GB\",\"@id\":\"https:\\\/\\\/marina-rivieresens.com\\\/#\\\/schema\\\/logo\\\/image\\\/\",\"url\":\"https:\\\/\\\/marina-rivieresens.com\\\/wp-content\\\/uploads\\\/2025\\\/10\\\/cropped-logo-marina-riviere-sens.jpg\",\"contentUrl\":\"https:\\\/\\\/marina-rivieresens.com\\\/wp-content\\\/uploads\\\/2025\\\/10\\\/cropped-logo-marina-riviere-sens.jpg\",\"width\":512,\"height\":512,\"caption\":\"MME Jeanne RIPPON - Sud Ancrage\"},\"image\":{\"@id\":\"https:\\\/\\\/marina-rivieresens.com\\\/#\\\/schema\\\/logo\\\/image\\\/\"},\"sameAs\":[\"https:\\\/\\\/www.facebook.com\\\/Sudancrage\\\/\"]}]}<\/script>\n<!-- \/ Yoast SEO plugin. -->","yoast_head_json":{"title":"Events &amp; activities at Rivi\u00e8re-Sens Marina | Guadeloupe","description":"Discover upcoming events and activities at Rivi\u00e8re-Sens Marina in Guadeloupe, including nautical events, animations and highlights.","robots":{"index":"index","follow":"follow","max-snippet":"max-snippet:-1","max-image-preview":"max-image-preview:large","max-video-preview":"max-video-preview:-1"},"canonical":"https:\/\/marina-rivieresens.com\/en\/evenements-manifestations\/","og_locale":"en_GB","og_type":"article","og_title":"\u00c9v\u00e8nements & manifestations \u00e0 la Marina de Rivi\u00e8re-Sens \u2013 Guadeloupe","og_description":"D\u00e9couvrez les \u00e9v\u00e8nements et manifestations organis\u00e9s \u00e0 la Marina de Rivi\u00e8re-Sens en Guadeloupe : animations, rencontres nautiques et temps forts \u00e0 venir.","og_url":"https:\/\/marina-rivieresens.com\/en\/evenements-manifestations\/","og_site_name":"Marina de Riviere-Sens","article_publisher":"https:\/\/www.facebook.com\/Sudancrage\/","article_modified_time":"2026-03-11T12:34:31+00:00","twitter_card":"summary_large_image","twitter_misc":{"Estimated reading time":"1 minute"},"schema":{"@context":"https:\/\/schema.org","@graph":[{"@type":"WebPage","@id":"https:\/\/marina-rivieresens.com\/evenements-manifestations\/","url":"https:\/\/marina-rivieresens.com\/evenements-manifestations\/","name":"Events &amp; activities at Rivi\u00e8re-Sens Marina | Guadeloupe","isPartOf":{"@id":"https:\/\/marina-rivieresens.com\/#website"},"datePublished":"2026-01-29T13:02:48+00:00","dateModified":"2026-03-11T12:34:31+00:00","description":"Discover upcoming events and activities at Rivi\u00e8re-Sens Marina in Guadeloupe, including nautical events, animations and highlights.","breadcrumb":{"@id":"https:\/\/marina-rivieresens.com\/evenements-manifestations\/#breadcrumb"},"inLanguage":"en-GB","potentialAction":[{"@type":"ReadAction","target":["https:\/\/marina-rivieresens.com\/evenements-manifestations\/"]}]},{"@type":"BreadcrumbList","@id":"https:\/\/marina-rivieresens.com\/evenements-manifestations\/#breadcrumb","itemListElement":[{"@type":"ListItem","position":1,"name":"Accueil","item":"https:\/\/marina-rivieresens.com\/"},{"@type":"ListItem","position":2,"name":"\u00c9v\u00e8nements et manifestations \u00e0 la Marina de Rivi\u00e8re-Sens"}]},{"@type":"WebSite","@id":"https:\/\/marina-rivieresens.com\/#website","url":"https:\/\/marina-rivieresens.com\/","name":"Rivi\u00e8re-Sens Marina","description":"Basse-terre marina in Guadeloupe","publisher":{"@id":"https:\/\/marina-rivieresens.com\/#organization"},"potentialAction":[{"@type":"SearchAction","target":{"@type":"EntryPoint","urlTemplate":"https:\/\/marina-rivieresens.com\/?s={search_term_string}"},"query-input":{"@type":"PropertyValueSpecification","valueRequired":true,"valueName":"search_term_string"}}],"inLanguage":"en-GB"},{"@type":"Organization","@id":"https:\/\/marina-rivieresens.com\/#organization","name":"MRS Jeanne RIPPON - Sud Ancrage","url":"https:\/\/marina-rivieresens.com\/","logo":{"@type":"ImageObject","inLanguage":"en-GB","@id":"https:\/\/marina-rivieresens.com\/#\/schema\/logo\/image\/","url":"https:\/\/marina-rivieresens.com\/wp-content\/uploads\/2025\/10\/cropped-logo-marina-riviere-sens.jpg","contentUrl":"https:\/\/marina-rivieresens.com\/wp-content\/uploads\/2025\/10\/cropped-logo-marina-riviere-sens.jpg","width":512,"height":512,"caption":"MME Jeanne RIPPON - Sud Ancrage"},"image":{"@id":"https:\/\/marina-rivieresens.com\/#\/schema\/logo\/image\/"},"sameAs":["https:\/\/www.facebook.com\/Sudancrage\/"]}]}},"_links":{"self":[{"href":"https:\/\/marina-rivieresens.com\/en\/wp-json\/wp\/v2\/pages\/488","targetHints":{"allow":["GET"]}}],"collection":[{"href":"https:\/\/marina-rivieresens.com\/en\/wp-json\/wp\/v2\/pages"}],"about":[{"href":"https:\/\/marina-rivieresens.com\/en\/wp-json\/wp\/v2\/types\/page"}],"author":[{"embeddable":true,"href":"https:\/\/marina-rivieresens.com\/en\/wp-json\/wp\/v2\/users\/1"}],"replies":[{"embeddable":true,"href":"https:\/\/marina-rivieresens.com\/en\/wp-json\/wp\/v2\/comments?post=488"}],"version-history":[{"count":9,"href":"https:\/\/marina-rivieresens.com\/en\/wp-json\/wp\/v2\/pages\/488\/revisions"}],"predecessor-version":[{"id":702,"href":"https:\/\/marina-rivieresens.com\/en\/wp-json\/wp\/v2\/pages\/488\/revisions\/702"}],"wp:attachment":[{"href":"https:\/\/marina-rivieresens.com\/en\/wp-json\/wp\/v2\/media?parent=488"}],"curies":[{"name":"wp","href":"https:\/\/api.w.org\/{rel}","templated":true}]}}