{"id":343,"date":"2026-01-08T09:32:02","date_gmt":"2026-01-08T13:32:02","guid":{"rendered":"https:\/\/wpjh.marina-rivieresens.com\/?page_id=343"},"modified":"2026-01-21T10:02:53","modified_gmt":"2026-01-21T14:02:53","slug":"legal-information","status":"publish","type":"page","link":"https:\/\/marina-rivieresens.com\/en\/mentions-legales\/","title":{"rendered":"Legal Notice"},"content":{"rendered":"<div class=\"et_pb_section_0 et_pb_section et_section_regular et_flex_section\">\n<div class=\"et_pb_row_0 et_pb_row et_flex_row\">\n<div class=\"et_pb_column_0 et_pb_column et-last-child et_flex_column et_pb_css_mix_blend_mode_passthrough et_flex_column_24_24 et_flex_column_24_24_tablet et_flex_column_24_24_phone\">\n<div class=\"et_pb_text_0 et_pb_text et_pb_bg_layout_light et_pb_module et_flex_module preset--module--divi-text--default\"><div class=\"et_pb_text_inner\"><h1>Legal Notice<\/h1>\n<p>&nbsp;<\/p>\n<p>In accordance with the provisions of French law no. 2004-575 of 21 June 2004 on confidence in the digital economy (LCEN), users of the site are hereby informed of the following <strong>Marina Rivi\u00e8re-Sens<\/strong>\u00a0the identity of the various parties involved in its implementation and monitoring.<\/p>\n<p>\u00a0<\/p>\n<h2>Site publisher<\/h2>\n<p><strong>Site name :<\/strong> Marina Rivi\u00e8re-Sens<br \/><strong>Responsible for publication :<\/strong> SOUTH ANCHORAGE<br \/><strong>Legal status :<\/strong> SAS<br \/><strong>Registered office address :<\/strong> MARINA RIVIERE SENS 97113 GOURBEYRE<br \/><strong>Telephone :<\/strong> +590 590 86 79 43<br \/><strong>E-mail address :<\/strong> <a href=\"mailto:capitainerie@sudancrage.com\">capitainerie@sudancrage.com<\/a><br \/><strong>SIRET number :<\/strong> 52268599900024<br \/><strong>Intra-Community VAT :<\/strong> FR47522685999<\/p>\n<p>\u00a0<\/p>\n<h2>Website hosting<\/h2>\n<p>The site is hosted by :<\/p>\n<p><strong>Hosted by :<\/strong> OVHcloud<br \/><strong>Company name :<\/strong> OVH SAS<br \/><strong>Address:<\/strong> 2 rue Kellermann - 59100 Roubaix - France<br \/><strong>Telephone :<\/strong> 1007<br \/><strong>Website :<\/strong><a href=\"https:\/\/www.ovhcloud.com\" target=\"_blank\" rel=\"noopener noreferrer\"> https:\/\/www.ovhcloud.com<br \/><\/a><\/p>\n<p>\u00a0<\/p>\n<h2>Website design and production<\/h2>\n<p>Site designed and produced by :<br \/><strong>J\u00e9r\u00f4me Hervouet<\/strong><br \/>Website design &amp; natural search engine optimisation (SEO)<br \/>Website : <a href=\"https:\/\/www.jeromehervouet.fr\" target=\"_blank\" rel=\"noopener noreferrer\">https:\/\/www.jeromehervouet.fr<\/a><\/p>\n<p>\u00a0<\/p>\n<h2>Intellectual property<\/h2>\n<p>The whole site <strong>Marina Rivi\u00e8re-Sens<\/strong>, The content of this website, including but not limited to texts, images, graphics, logos, icons, sounds and software, is protected by intellectual property rights.<\/p>\n<p>Any reproduction, representation, modification, publication, adaptation of all or part of the elements of the site, whatever the means or process used, is prohibited, except with the prior written authorisation of the publication manager.<\/p>\n<p>\u00a0<\/p>\n<h2>Liability<\/h2>\n<p>Information published on the site <strong>Marina Rivi\u00e8re-Sens<\/strong> are provided for information only. Although every care has been taken to ensure that the information is accurate, the website operator cannot be held responsible for any omissions, inaccuracies or failure to update the information.<\/p>\n<p>Users acknowledge that they use the information on the site under their sole responsibility.<\/p>\n<p>\u00a0<\/p>\n<h2>Personal data<\/h2>\n<p>The website <strong>Marina Rivi\u00e8re-Sens<\/strong> may collect personal data via its forms (contact, booking, information request).<\/p>\n<p>This data is used solely for the purposes of the commercial relationship or the user's request and is not passed on to third parties under any circumstances.<\/p>\n<p>In accordance with the General Data Protection Regulation (GDPR), you have the right to access, rectify, object to and delete your personal data.<\/p>\n<p>To exercise this right, please contact : <a href=\"mailto:capitainerie@sudancrage.com\">capitainerie@sudancrage.com<\/a><\/p>\n<p>\u00a0<\/p>\n<h2>Cookies<\/h2>\n<p>The website <strong>Marina Rivi\u00e8re-Sens<\/strong> may use cookies to improve the user experience and compile browsing statistics.<\/p>\n<p>Users can configure their browser to accept or reject cookies at any time.<\/p>\n<\/div><\/div>\n<\/div>\n<\/div>\n<\/div>","protected":false},"excerpt":{"rendered":"","protected":false},"author":1,"featured_media":0,"parent":0,"menu_order":0,"comment_status":"closed","ping_status":"closed","template":"","meta":{"footnotes":""},"class_list":["post-343","page","type-page","status-publish","hentry"],"yoast_head":"<!-- This site is optimized with the Yoast SEO plugin v27.3 - https:\/\/yoast.com\/product\/yoast-seo-wordpress\/ -->\n<title>Mentions l\u00e9gales \u2013 Informations l\u00e9gales du site<\/title>\n<meta name=\"description\" content=\"Mentions l\u00e9gales du site : \u00e9diteur, h\u00e9bergeur, propri\u00e9t\u00e9 intellectuelle et informations l\u00e9gales conform\u00e9ment \u00e0 la r\u00e9glementation en vigueur.\" \/>\n<meta name=\"robots\" content=\"noindex, follow\" \/>\n<meta property=\"og:locale\" content=\"en_GB\" \/>\n<meta property=\"og:type\" content=\"article\" \/>\n<meta property=\"og:title\" content=\"Mentions l\u00e9gales \u2013 Informations l\u00e9gales du site\" \/>\n<meta property=\"og:description\" content=\"Mentions l\u00e9gales du site : \u00e9diteur, h\u00e9bergeur, propri\u00e9t\u00e9 intellectuelle et informations l\u00e9gales conform\u00e9ment \u00e0 la r\u00e9glementation en vigueur.\" \/>\n<meta property=\"og:url\" content=\"https:\/\/marina-rivieresens.com\/en\/legal-information\/\" \/>\n<meta property=\"og:site_name\" content=\"Marina de Riviere-Sens\" \/>\n<meta property=\"article:publisher\" content=\"https:\/\/www.facebook.com\/Sudancrage\/\" \/>\n<meta property=\"article:modified_time\" content=\"2026-01-21T14:02:53+00:00\" \/>\n<meta name=\"twitter:card\" content=\"summary_large_image\" \/>\n<script type=\"application\/ld+json\" class=\"yoast-schema-graph\">{\"@context\":\"https:\\\/\\\/schema.org\",\"@graph\":[{\"@type\":\"WebPage\",\"@id\":\"https:\\\/\\\/marina-rivieresens.com\\\/mentions-legales\\\/\",\"url\":\"https:\\\/\\\/marina-rivieresens.com\\\/mentions-legales\\\/\",\"name\":\"Mentions l\u00e9gales \u2013 Informations l\u00e9gales du site\",\"isPartOf\":{\"@id\":\"https:\\\/\\\/marina-rivieresens.com\\\/#website\"},\"datePublished\":\"2026-01-08T13:32:02+00:00\",\"dateModified\":\"2026-01-21T14:02:53+00:00\",\"description\":\"Mentions l\u00e9gales du site : \u00e9diteur, h\u00e9bergeur, propri\u00e9t\u00e9 intellectuelle et informations l\u00e9gales conform\u00e9ment \u00e0 la r\u00e9glementation en vigueur.\",\"breadcrumb\":{\"@id\":\"https:\\\/\\\/marina-rivieresens.com\\\/mentions-legales\\\/#breadcrumb\"},\"inLanguage\":\"en-GB\",\"potentialAction\":[{\"@type\":\"ReadAction\",\"target\":[\"https:\\\/\\\/marina-rivieresens.com\\\/mentions-legales\\\/\"]}]},{\"@type\":\"BreadcrumbList\",\"@id\":\"https:\\\/\\\/marina-rivieresens.com\\\/mentions-legales\\\/#breadcrumb\",\"itemListElement\":[{\"@type\":\"ListItem\",\"position\":1,\"name\":\"Accueil\",\"item\":\"https:\\\/\\\/marina-rivieresens.com\\\/\"},{\"@type\":\"ListItem\",\"position\":2,\"name\":\"Mentions L\u00e9gales\"}]},{\"@type\":\"WebSite\",\"@id\":\"https:\\\/\\\/marina-rivieresens.com\\\/#website\",\"url\":\"https:\\\/\\\/marina-rivieresens.com\\\/\",\"name\":\"Marina de Riviere-Sens\",\"description\":\"Port de plaisance de Basse-terre en Guadeloupe\",\"publisher\":{\"@id\":\"https:\\\/\\\/marina-rivieresens.com\\\/#organization\"},\"potentialAction\":[{\"@type\":\"SearchAction\",\"target\":{\"@type\":\"EntryPoint\",\"urlTemplate\":\"https:\\\/\\\/marina-rivieresens.com\\\/?s={search_term_string}\"},\"query-input\":{\"@type\":\"PropertyValueSpecification\",\"valueRequired\":true,\"valueName\":\"search_term_string\"}}],\"inLanguage\":\"en-GB\"},{\"@type\":\"Organization\",\"@id\":\"https:\\\/\\\/marina-rivieresens.com\\\/#organization\",\"name\":\"MME Jeanne RIPPON - Sud Ancrage\",\"url\":\"https:\\\/\\\/marina-rivieresens.com\\\/\",\"logo\":{\"@type\":\"ImageObject\",\"inLanguage\":\"en-GB\",\"@id\":\"https:\\\/\\\/marina-rivieresens.com\\\/#\\\/schema\\\/logo\\\/image\\\/\",\"url\":\"https:\\\/\\\/marina-rivieresens.com\\\/wp-content\\\/uploads\\\/2025\\\/10\\\/cropped-logo-marina-riviere-sens.jpg\",\"contentUrl\":\"https:\\\/\\\/marina-rivieresens.com\\\/wp-content\\\/uploads\\\/2025\\\/10\\\/cropped-logo-marina-riviere-sens.jpg\",\"width\":512,\"height\":512,\"caption\":\"MME Jeanne RIPPON - Sud Ancrage\"},\"image\":{\"@id\":\"https:\\\/\\\/marina-rivieresens.com\\\/#\\\/schema\\\/logo\\\/image\\\/\"},\"sameAs\":[\"https:\\\/\\\/www.facebook.com\\\/Sudancrage\\\/\"]}]}<\/script>\n<!-- \/ Yoast SEO plugin. -->","yoast_head_json":{"title":"Mentions l\u00e9gales \u2013 Informations l\u00e9gales du site","description":"Mentions l\u00e9gales du site : \u00e9diteur, h\u00e9bergeur, propri\u00e9t\u00e9 intellectuelle et informations l\u00e9gales conform\u00e9ment \u00e0 la r\u00e9glementation en vigueur.","robots":{"index":"noindex","follow":"follow"},"og_locale":"en_GB","og_type":"article","og_title":"Mentions l\u00e9gales \u2013 Informations l\u00e9gales du site","og_description":"Mentions l\u00e9gales du site : \u00e9diteur, h\u00e9bergeur, propri\u00e9t\u00e9 intellectuelle et informations l\u00e9gales conform\u00e9ment \u00e0 la r\u00e9glementation en vigueur.","og_url":"https:\/\/marina-rivieresens.com\/en\/legal-information\/","og_site_name":"Marina de Riviere-Sens","article_publisher":"https:\/\/www.facebook.com\/Sudancrage\/","article_modified_time":"2026-01-21T14:02:53+00:00","twitter_card":"summary_large_image","schema":{"@context":"https:\/\/schema.org","@graph":[{"@type":"WebPage","@id":"https:\/\/marina-rivieresens.com\/mentions-legales\/","url":"https:\/\/marina-rivieresens.com\/mentions-legales\/","name":"Mentions l\u00e9gales \u2013 Informations l\u00e9gales du site","isPartOf":{"@id":"https:\/\/marina-rivieresens.com\/#website"},"datePublished":"2026-01-08T13:32:02+00:00","dateModified":"2026-01-21T14:02:53+00:00","description":"Mentions l\u00e9gales du site : \u00e9diteur, h\u00e9bergeur, propri\u00e9t\u00e9 intellectuelle et informations l\u00e9gales conform\u00e9ment \u00e0 la r\u00e9glementation en vigueur.","breadcrumb":{"@id":"https:\/\/marina-rivieresens.com\/mentions-legales\/#breadcrumb"},"inLanguage":"en-GB","potentialAction":[{"@type":"ReadAction","target":["https:\/\/marina-rivieresens.com\/mentions-legales\/"]}]},{"@type":"BreadcrumbList","@id":"https:\/\/marina-rivieresens.com\/mentions-legales\/#breadcrumb","itemListElement":[{"@type":"ListItem","position":1,"name":"Accueil","item":"https:\/\/marina-rivieresens.com\/"},{"@type":"ListItem","position":2,"name":"Mentions L\u00e9gales"}]},{"@type":"WebSite","@id":"https:\/\/marina-rivieresens.com\/#website","url":"https:\/\/marina-rivieresens.com\/","name":"Rivi\u00e8re-Sens Marina","description":"Basse-terre marina in Guadeloupe","publisher":{"@id":"https:\/\/marina-rivieresens.com\/#organization"},"potentialAction":[{"@type":"SearchAction","target":{"@type":"EntryPoint","urlTemplate":"https:\/\/marina-rivieresens.com\/?s={search_term_string}"},"query-input":{"@type":"PropertyValueSpecification","valueRequired":true,"valueName":"search_term_string"}}],"inLanguage":"en-GB"},{"@type":"Organization","@id":"https:\/\/marina-rivieresens.com\/#organization","name":"MRS Jeanne RIPPON - Sud Ancrage","url":"https:\/\/marina-rivieresens.com\/","logo":{"@type":"ImageObject","inLanguage":"en-GB","@id":"https:\/\/marina-rivieresens.com\/#\/schema\/logo\/image\/","url":"https:\/\/marina-rivieresens.com\/wp-content\/uploads\/2025\/10\/cropped-logo-marina-riviere-sens.jpg","contentUrl":"https:\/\/marina-rivieresens.com\/wp-content\/uploads\/2025\/10\/cropped-logo-marina-riviere-sens.jpg","width":512,"height":512,"caption":"MME Jeanne RIPPON - Sud Ancrage"},"image":{"@id":"https:\/\/marina-rivieresens.com\/#\/schema\/logo\/image\/"},"sameAs":["https:\/\/www.facebook.com\/Sudancrage\/"]}]}},"_links":{"self":[{"href":"https:\/\/marina-rivieresens.com\/en\/wp-json\/wp\/v2\/pages\/343","targetHints":{"allow":["GET"]}}],"collection":[{"href":"https:\/\/marina-rivieresens.com\/en\/wp-json\/wp\/v2\/pages"}],"about":[{"href":"https:\/\/marina-rivieresens.com\/en\/wp-json\/wp\/v2\/types\/page"}],"author":[{"embeddable":true,"href":"https:\/\/marina-rivieresens.com\/en\/wp-json\/wp\/v2\/users\/1"}],"replies":[{"embeddable":true,"href":"https:\/\/marina-rivieresens.com\/en\/wp-json\/wp\/v2\/comments?post=343"}],"version-history":[{"count":9,"href":"https:\/\/marina-rivieresens.com\/en\/wp-json\/wp\/v2\/pages\/343\/revisions"}],"predecessor-version":[{"id":356,"href":"https:\/\/marina-rivieresens.com\/en\/wp-json\/wp\/v2\/pages\/343\/revisions\/356"}],"wp:attachment":[{"href":"https:\/\/marina-rivieresens.com\/en\/wp-json\/wp\/v2\/media?parent=343"}],"curies":[{"name":"wp","href":"https:\/\/api.w.org\/{rel}","templated":true}]}}