{"id":343,"date":"2026-01-08T09:32:02","date_gmt":"2026-01-08T13:32:02","guid":{"rendered":"https:\/\/wpjh.marina-rivieresens.com\/?page_id=343"},"modified":"2026-01-21T10:02:53","modified_gmt":"2026-01-21T14:02:53","slug":"rechtliche-hinweise","status":"publish","type":"page","link":"https:\/\/marina-rivieresens.com\/de\/mentions-legales\/","title":{"rendered":"Rechtliche Hinweise"},"content":{"rendered":"<div class=\"et_pb_section_0 et_pb_section et_section_regular et_flex_section\">\n<div class=\"et_pb_row_0 et_pb_row et_flex_row\">\n<div class=\"et_pb_column_0 et_pb_column et-last-child et_flex_column et_pb_css_mix_blend_mode_passthrough et_flex_column_24_24 et_flex_column_24_24_tablet et_flex_column_24_24_phone\">\n<div class=\"et_pb_text_0 et_pb_text et_pb_bg_layout_light et_pb_module et_flex_module preset--module--divi-text--default\"><div class=\"et_pb_text_inner\"><h1>Rechtliche Hinweise<\/h1>\n<p>&nbsp;<\/p>\n<p>Gem\u00e4\u00df den Bestimmungen des Gesetzes Nr. 2004-575 vom 21. Juni 2004 \u00fcber das Vertrauen in die digitale Wirtschaft (LCEN) wird den Nutzern der Website Folgendes mitgeteilt <strong>Marina Rivi\u00e8re-Sens<\/strong>\u00a0die Identit\u00e4t der verschiedenen Personen, die an seiner Durchf\u00fchrung und Nachbereitung beteiligt sind.<\/p>\n<p>\u00a0<\/p>\n<h2>Herausgeber der Seite<\/h2>\n<p><strong>Name der Website :<\/strong> Marina Rivi\u00e8re-Sens<br \/><strong>Verantwortlich f\u00fcr die Ver\u00f6ffentlichung :<\/strong> SUD ANKER<br \/><strong>Rechtsstatus :<\/strong> SAS<br \/><strong>Adresse des Firmensitzes :<\/strong> MARINA RIVIERE SENS 97113 GOURBEYRE<br \/><strong>Telefon :<\/strong> +590 590 86 79 43<br \/><strong>E-Mail-Adresse :<\/strong> <a href=\"mailto:capitainerie@sudancrage.com\">capitainerie@sudancrage.com<\/a><br \/><strong>SIRET-Nummer :<\/strong> 52268599900024<br \/><strong>Innergemeinschaftliche Mehrwertsteuer :<\/strong> DE47522685999<\/p>\n<p>\u00a0<\/p>\n<h2>Hosting der Website<\/h2>\n<p>Die Website wird gehostet von :<\/p>\n<p><strong>Hosting :<\/strong> OVHcloud<br \/><strong>Firmenname :<\/strong> OVH SAS<br \/><strong>Adresse:<\/strong> 2 rue Kellermann - 59100 Roubaix - Frankreich<br \/><strong>Telefon :<\/strong> 1007<br \/><strong>Website :<\/strong><a href=\"https:\/\/www.ovhcloud.com\" target=\"_blank\" rel=\"noopener noreferrer\"> https:\/\/www.ovhcloud.com<br \/><\/a><\/p>\n<p>\u00a0<\/p>\n<h2>Konzeption und Gestaltung der Website<\/h2>\n<p>Website konzipiert und gestaltet von :<br \/><strong>J\u00e9r\u00f4me Hervouet<\/strong><br \/>Erstellung von Webseiten &amp; nat\u00fcrliche Suchmaschinenoptimierung (SEO)<br \/>Website : <a href=\"https:\/\/www.jeromehervouet.fr\" target=\"_blank\" rel=\"noopener noreferrer\">https:\/\/www.jeromehervouet.fr<\/a><\/p>\n<p>\u00a0<\/p>\n<h2>Geistiges Eigentum<\/h2>\n<p>Die gesamte Seite <strong>Marina Rivi\u00e8re-Sens<\/strong>, Die gesamte Website, einschlie\u00dflich, aber nicht beschr\u00e4nkt auf Texte, Bilder, Grafiken, Logos, Icons, Sounds und Software, ist durch das Recht des geistigen Eigentums gesch\u00fctzt.<\/p>\n<p>Jede Vervielf\u00e4ltigung, Darstellung, \u00c4nderung, Ver\u00f6ffentlichung und Anpassung aller oder eines Teils der Elemente der Website, unabh\u00e4ngig von den verwendeten Mitteln oder Verfahren, ist ohne vorherige schriftliche Genehmigung des Verantwortlichen f\u00fcr die Ver\u00f6ffentlichung untersagt.<\/p>\n<p>\u00a0<\/p>\n<h2>Verantwortung<\/h2>\n<p>Die auf der Seite verbreiteten Informationen <strong>Marina Rivi\u00e8re-Sens<\/strong> werden nur zu Informationszwecken bereitgestellt. Trotz aller Sorgfalt, die auf ihre Richtigkeit verwendet wurde, kann der Verantwortliche der Website nicht f\u00fcr Auslassungen, Ungenauigkeiten oder M\u00e4ngel bei der Aktualisierung haftbar gemacht werden.<\/p>\n<p>Der Nutzer erkennt an, dass er die Informationen auf der Website unter seiner alleinigen Verantwortung nutzt.<\/p>\n<p>\u00a0<\/p>\n<h2>Pers\u00f6nliche Daten<\/h2>\n<p>Die Seite <strong>Marina Rivi\u00e8re-Sens<\/strong> kann dazu veranlasst werden, pers\u00f6nliche Daten \u00fcber seine Formulare (Kontakt, Reservierung, Informationsanfrage) zu sammeln.<\/p>\n<p>Diese Daten werden nur im Zusammenhang mit der Gesch\u00e4ftsbeziehung oder der Anfrage des Nutzers verwendet und werden unter keinen Umst\u00e4nden an Dritte weitergegeben.<\/p>\n<p>Gem\u00e4\u00df der Allgemeinen Datenschutzverordnung (DSGVO) haben Sie das Recht, auf die Sie betreffenden Daten zuzugreifen, sie zu berichtigen, ihnen zu widersprechen und sie zu l\u00f6schen.<\/p>\n<p>Um dieses Recht auszu\u00fcben, k\u00f6nnen Sie sich an : <a href=\"mailto:capitainerie@sudancrage.com\">capitainerie@sudancrage.com<\/a><\/p>\n<p>\u00a0<\/p>\n<h2>Cookies<\/h2>\n<p>Die Seite <strong>Marina Rivi\u00e8re-Sens<\/strong> kann Cookies verwenden, um die Benutzererfahrung zu verbessern und Navigationsstatistiken zu erstellen.<\/p>\n<p>Der Nutzer kann seinen Browser jederzeit so einstellen, dass er Cookies akzeptiert oder ablehnt.<\/p>\n<\/div><\/div>\n<\/div>\n<\/div>\n<\/div>","protected":false},"excerpt":{"rendered":"","protected":false},"author":1,"featured_media":0,"parent":0,"menu_order":0,"comment_status":"closed","ping_status":"closed","template":"","meta":{"footnotes":""},"class_list":["post-343","page","type-page","status-publish","hentry"],"yoast_head":"<!-- This site is optimized with the Yoast SEO plugin v27.3 - https:\/\/yoast.com\/product\/yoast-seo-wordpress\/ -->\n<title>Mentions l\u00e9gales \u2013 Informations l\u00e9gales du site<\/title>\n<meta name=\"description\" content=\"Mentions l\u00e9gales du site : \u00e9diteur, h\u00e9bergeur, propri\u00e9t\u00e9 intellectuelle et informations l\u00e9gales conform\u00e9ment \u00e0 la r\u00e9glementation en vigueur.\" \/>\n<meta name=\"robots\" content=\"noindex, follow\" \/>\n<meta property=\"og:locale\" content=\"de_DE\" \/>\n<meta property=\"og:type\" content=\"article\" \/>\n<meta property=\"og:title\" content=\"Mentions l\u00e9gales \u2013 Informations l\u00e9gales du site\" \/>\n<meta property=\"og:description\" content=\"Mentions l\u00e9gales du site : \u00e9diteur, h\u00e9bergeur, propri\u00e9t\u00e9 intellectuelle et informations l\u00e9gales conform\u00e9ment \u00e0 la r\u00e9glementation en vigueur.\" \/>\n<meta property=\"og:url\" content=\"https:\/\/marina-rivieresens.com\/de\/rechtliche-hinweise\/\" \/>\n<meta property=\"og:site_name\" content=\"Marina de Riviere-Sens\" \/>\n<meta property=\"article:publisher\" content=\"https:\/\/www.facebook.com\/Sudancrage\/\" \/>\n<meta property=\"article:modified_time\" content=\"2026-01-21T14:02:53+00:00\" \/>\n<meta name=\"twitter:card\" content=\"summary_large_image\" \/>\n<script type=\"application\/ld+json\" class=\"yoast-schema-graph\">{\"@context\":\"https:\\\/\\\/schema.org\",\"@graph\":[{\"@type\":\"WebPage\",\"@id\":\"https:\\\/\\\/marina-rivieresens.com\\\/mentions-legales\\\/\",\"url\":\"https:\\\/\\\/marina-rivieresens.com\\\/mentions-legales\\\/\",\"name\":\"Mentions l\u00e9gales \u2013 Informations l\u00e9gales du site\",\"isPartOf\":{\"@id\":\"https:\\\/\\\/marina-rivieresens.com\\\/#website\"},\"datePublished\":\"2026-01-08T13:32:02+00:00\",\"dateModified\":\"2026-01-21T14:02:53+00:00\",\"description\":\"Mentions l\u00e9gales du site : \u00e9diteur, h\u00e9bergeur, propri\u00e9t\u00e9 intellectuelle et informations l\u00e9gales conform\u00e9ment \u00e0 la r\u00e9glementation en vigueur.\",\"breadcrumb\":{\"@id\":\"https:\\\/\\\/marina-rivieresens.com\\\/mentions-legales\\\/#breadcrumb\"},\"inLanguage\":\"de\",\"potentialAction\":[{\"@type\":\"ReadAction\",\"target\":[\"https:\\\/\\\/marina-rivieresens.com\\\/mentions-legales\\\/\"]}]},{\"@type\":\"BreadcrumbList\",\"@id\":\"https:\\\/\\\/marina-rivieresens.com\\\/mentions-legales\\\/#breadcrumb\",\"itemListElement\":[{\"@type\":\"ListItem\",\"position\":1,\"name\":\"Accueil\",\"item\":\"https:\\\/\\\/marina-rivieresens.com\\\/\"},{\"@type\":\"ListItem\",\"position\":2,\"name\":\"Mentions L\u00e9gales\"}]},{\"@type\":\"WebSite\",\"@id\":\"https:\\\/\\\/marina-rivieresens.com\\\/#website\",\"url\":\"https:\\\/\\\/marina-rivieresens.com\\\/\",\"name\":\"Marina de Riviere-Sens\",\"description\":\"Port de plaisance de Basse-terre en Guadeloupe\",\"publisher\":{\"@id\":\"https:\\\/\\\/marina-rivieresens.com\\\/#organization\"},\"potentialAction\":[{\"@type\":\"SearchAction\",\"target\":{\"@type\":\"EntryPoint\",\"urlTemplate\":\"https:\\\/\\\/marina-rivieresens.com\\\/?s={search_term_string}\"},\"query-input\":{\"@type\":\"PropertyValueSpecification\",\"valueRequired\":true,\"valueName\":\"search_term_string\"}}],\"inLanguage\":\"de\"},{\"@type\":\"Organization\",\"@id\":\"https:\\\/\\\/marina-rivieresens.com\\\/#organization\",\"name\":\"MME Jeanne RIPPON - Sud Ancrage\",\"url\":\"https:\\\/\\\/marina-rivieresens.com\\\/\",\"logo\":{\"@type\":\"ImageObject\",\"inLanguage\":\"de\",\"@id\":\"https:\\\/\\\/marina-rivieresens.com\\\/#\\\/schema\\\/logo\\\/image\\\/\",\"url\":\"https:\\\/\\\/marina-rivieresens.com\\\/wp-content\\\/uploads\\\/2025\\\/10\\\/cropped-logo-marina-riviere-sens.jpg\",\"contentUrl\":\"https:\\\/\\\/marina-rivieresens.com\\\/wp-content\\\/uploads\\\/2025\\\/10\\\/cropped-logo-marina-riviere-sens.jpg\",\"width\":512,\"height\":512,\"caption\":\"MME Jeanne RIPPON - Sud Ancrage\"},\"image\":{\"@id\":\"https:\\\/\\\/marina-rivieresens.com\\\/#\\\/schema\\\/logo\\\/image\\\/\"},\"sameAs\":[\"https:\\\/\\\/www.facebook.com\\\/Sudancrage\\\/\"]}]}<\/script>\n<!-- \/ Yoast SEO plugin. -->","yoast_head_json":{"title":"Mentions l\u00e9gales \u2013 Informations l\u00e9gales du site","description":"Mentions l\u00e9gales du site : \u00e9diteur, h\u00e9bergeur, propri\u00e9t\u00e9 intellectuelle et informations l\u00e9gales conform\u00e9ment \u00e0 la r\u00e9glementation en vigueur.","robots":{"index":"noindex","follow":"follow"},"og_locale":"de_DE","og_type":"article","og_title":"Mentions l\u00e9gales \u2013 Informations l\u00e9gales du site","og_description":"Mentions l\u00e9gales du site : \u00e9diteur, h\u00e9bergeur, propri\u00e9t\u00e9 intellectuelle et informations l\u00e9gales conform\u00e9ment \u00e0 la r\u00e9glementation en vigueur.","og_url":"https:\/\/marina-rivieresens.com\/de\/rechtliche-hinweise\/","og_site_name":"Marina de Riviere-Sens","article_publisher":"https:\/\/www.facebook.com\/Sudancrage\/","article_modified_time":"2026-01-21T14:02:53+00:00","twitter_card":"summary_large_image","schema":{"@context":"https:\/\/schema.org","@graph":[{"@type":"WebPage","@id":"https:\/\/marina-rivieresens.com\/mentions-legales\/","url":"https:\/\/marina-rivieresens.com\/mentions-legales\/","name":"Mentions l\u00e9gales \u2013 Informations l\u00e9gales du site","isPartOf":{"@id":"https:\/\/marina-rivieresens.com\/#website"},"datePublished":"2026-01-08T13:32:02+00:00","dateModified":"2026-01-21T14:02:53+00:00","description":"Mentions l\u00e9gales du site : \u00e9diteur, h\u00e9bergeur, propri\u00e9t\u00e9 intellectuelle et informations l\u00e9gales conform\u00e9ment \u00e0 la r\u00e9glementation en vigueur.","breadcrumb":{"@id":"https:\/\/marina-rivieresens.com\/mentions-legales\/#breadcrumb"},"inLanguage":"de","potentialAction":[{"@type":"ReadAction","target":["https:\/\/marina-rivieresens.com\/mentions-legales\/"]}]},{"@type":"BreadcrumbList","@id":"https:\/\/marina-rivieresens.com\/mentions-legales\/#breadcrumb","itemListElement":[{"@type":"ListItem","position":1,"name":"Accueil","item":"https:\/\/marina-rivieresens.com\/"},{"@type":"ListItem","position":2,"name":"Mentions L\u00e9gales"}]},{"@type":"WebSite","@id":"https:\/\/marina-rivieresens.com\/#website","url":"https:\/\/marina-rivieresens.com\/","name":"Marina von Rivi\u00e8re-Sens","description":"Yachthafen von Basse-terre auf Guadeloupe","publisher":{"@id":"https:\/\/marina-rivieresens.com\/#organization"},"potentialAction":[{"@type":"SearchAction","target":{"@type":"EntryPoint","urlTemplate":"https:\/\/marina-rivieresens.com\/?s={search_term_string}"},"query-input":{"@type":"PropertyValueSpecification","valueRequired":true,"valueName":"search_term_string"}}],"inLanguage":"de"},{"@type":"Organization","@id":"https:\/\/marina-rivieresens.com\/#organization","name":"MME Jeanne RIPPON - Sud Ancrage (Verankerung)","url":"https:\/\/marina-rivieresens.com\/","logo":{"@type":"ImageObject","inLanguage":"de","@id":"https:\/\/marina-rivieresens.com\/#\/schema\/logo\/image\/","url":"https:\/\/marina-rivieresens.com\/wp-content\/uploads\/2025\/10\/cropped-logo-marina-riviere-sens.jpg","contentUrl":"https:\/\/marina-rivieresens.com\/wp-content\/uploads\/2025\/10\/cropped-logo-marina-riviere-sens.jpg","width":512,"height":512,"caption":"MME Jeanne RIPPON - Sud Ancrage"},"image":{"@id":"https:\/\/marina-rivieresens.com\/#\/schema\/logo\/image\/"},"sameAs":["https:\/\/www.facebook.com\/Sudancrage\/"]}]}},"_links":{"self":[{"href":"https:\/\/marina-rivieresens.com\/de\/wp-json\/wp\/v2\/pages\/343","targetHints":{"allow":["GET"]}}],"collection":[{"href":"https:\/\/marina-rivieresens.com\/de\/wp-json\/wp\/v2\/pages"}],"about":[{"href":"https:\/\/marina-rivieresens.com\/de\/wp-json\/wp\/v2\/types\/page"}],"author":[{"embeddable":true,"href":"https:\/\/marina-rivieresens.com\/de\/wp-json\/wp\/v2\/users\/1"}],"replies":[{"embeddable":true,"href":"https:\/\/marina-rivieresens.com\/de\/wp-json\/wp\/v2\/comments?post=343"}],"version-history":[{"count":9,"href":"https:\/\/marina-rivieresens.com\/de\/wp-json\/wp\/v2\/pages\/343\/revisions"}],"predecessor-version":[{"id":356,"href":"https:\/\/marina-rivieresens.com\/de\/wp-json\/wp\/v2\/pages\/343\/revisions\/356"}],"wp:attachment":[{"href":"https:\/\/marina-rivieresens.com\/de\/wp-json\/wp\/v2\/media?parent=343"}],"curies":[{"name":"wp","href":"https:\/\/api.w.org\/{rel}","templated":true}]}}